{"id":30695,"date":"2025-03-28T11:05:08","date_gmt":"2025-03-28T15:05:08","guid":{"rendered":"http:\/\/dimex360.com\/?page_id=30695"},"modified":"2026-03-06T08:49:18","modified_gmt":"2026-03-06T13:49:18","slug":"certifications","status":"publish","type":"page","link":"https:\/\/dimex360.com\/fr\/certifications\/","title":{"rendered":"Certifications"},"content":{"rendered":"<h1>Certifications<\/h1>\n<p><!-- start Post List --><\/p>\n<style>\/* widget: Post List *\/<br \/>#uc_post_list_elementor_16225f53<br \/>{<br \/>  display:grid;<br \/>}<br \/>#uc_post_list_elementor_16225f53 .uc_post_list_image div<br \/>{<br \/>  background-size:cover;<br \/>  background-position:center;<br \/>}<br \/>.uc_post_list .uc_post_list_box{<br \/>\tposition: relative;<br \/>\toverflow: hidden;<br \/>\tdisplay: flex;<br \/>}<br \/>#uc_post_list_elementor_16225f53 .uc_post_list_image<br \/>{<br \/>  flex-grow:0;<br \/>  flex-shrink:0;<br \/>}<br \/>#uc_post_list_elementor_16225f53 .uc_post_list_image img<br \/>{<br \/>  width:100%;<br \/>  display:block;<br \/>}<br \/>.uc_post_list_title a{<br \/>\tcolor: #333333;<br \/>    font-size: 16px;<br \/>}<br \/>.uc_post_list_date{<br \/>\tfont-size: 12px;<br \/>}<br \/>#uc_post_list_elementor_16225f53 .uc_post_list_content<br \/>{<br \/>  display:flex;<br \/>  flex-direction:column;<br \/>  flex:1;<br \/>}<br \/>#uc_post_list_elementor_16225f53 .uc_more_btn{<br \/>  text-align:center;<br \/>  text-decoration:none;<br \/>  transition:0.3s;<br \/>}<br \/>#uc_post_list_elementor_16225f53 .button-on-side<br \/>{<br \/>  display:flex;<br \/>  align-items:center;<br \/>}<br \/>.ue-grid-item-category a<br \/>{<br \/>  display:inline-block;<br \/>  font-size:10px;<br \/>  text-transform:uppercase;<br \/>}<br \/>#uc_post_list_elementor_16225f53 .ue-grid-item-meta-data<br \/>{<br \/>  display:flex;<br \/>  flex-wrap: wrap;<br \/>}<br \/>.ue-grid-item-meta-data<br \/>{<br \/>  font-size:12px;<br \/>}<br \/>#uc_post_list_elementor_16225f53 .ue-grid-item-meta-data-icon<br \/>{<br \/>  line-height:1em;<br \/>}<br \/>#uc_post_list_elementor_16225f53 .ue-grid-item-meta-data-icon svg<br \/>{<br \/>  width:1em;<br \/>  height:1em;<br \/>}<br \/><\/style>\n<p><a title=\"Comprendre la signification de la certification cUPC au Canada\" href=\"https:\/\/dimex360.com\/fr\/comprendre-la-certification-cupc-au-canada\/\"><br \/>\n<img loading=\"lazy\" decoding=\"async\" src=\"https:\/\/dimex360.com\/wp-content\/uploads\/akuaplus-certification-logo-cupc-100x100-1.svg\" alt=\"Certifi\u00e9 cUPC\" width=\"100\" height=\"100\" title=\"\"><br \/>\n<\/a><br \/>\n<a title=\"Comprendre la signification de la certification cUPC au Canada\" href=\"https:\/\/dimex360.com\/fr\/comprendre-la-certification-cupc-au-canada\/\">Comprendre la signification de la certification cUPC au Canada<\/a><br \/>\nLa certification cUPC repr\u00e9sente un \u00e9l\u00e9ment essentiel pour les produits de plomberie au Canada, garantissant le respect de normes rigoureuses. D\u00e9couvrez l'importance de cette...<br \/>\n<a title=\"\" href=\"https:\/\/dimex360.com\/fr\/comprendre-la-certification-cupc-au-canada\/\">En savoir plus<\/a><br \/>\n<a title=\"Comprendre la signification de la certification NSF ANSI 61 pour les robinets et la plomberie\" href=\"https:\/\/dimex360.com\/fr\/comprendre-limportance-de-la-certification-nsf-ansi-61-pour-les-robinets-et-la-plomberie\/\"><br \/>\n<img loading=\"lazy\" decoding=\"async\" src=\"https:\/\/dimex360.com\/wp-content\/uploads\/akuaplus-certification-logo-nsf-100x100-1.svg\" alt=\"Logo de certification NSF\/ANSI 61\" width=\"100\" height=\"100\" title=\"\"><br \/>\n<\/a><br \/>\n<a title=\"Comprendre la signification de la certification NSF ANSI 61 pour les robinets et la plomberie\" href=\"https:\/\/dimex360.com\/fr\/comprendre-limportance-de-la-certification-nsf-ansi-61-pour-les-robinets-et-la-plomberie\/\">Comprendre la signification de la certification NSF ANSI 61 pour les robinets et la plomberie<\/a><br \/>\nLorsque vous rep\u00e9rez nos produits arborant la certification NSF ANSI 61, cela confirme qu'ils ont d\u00e9pass\u00e9 des \u00e9valuations rigoureuses, assurant leur compatibilit\u00e9 pour un...<br \/>\n<a title=\"\" href=\"https:\/\/dimex360.com\/fr\/comprendre-limportance-de-la-certification-nsf-ansi-61-pour-les-robinets-et-la-plomberie\/\">En savoir plus<\/a><br \/>\n<a title=\"What is a CSA Certification?\" href=\"https:\/\/dimex360.com\/fr\/understanding-the-importance-of-csa-certification\/\"><br \/>\n<img loading=\"lazy\" decoding=\"async\" src=\"https:\/\/dimex360.com\/wp-content\/uploads\/akuaplus-certification-logo-csa-100x100-1.svg\" alt=\"CSA Certified Logo CSA certifi\u00e9\" width=\"100\" height=\"100\" title=\"\"><br \/>\n<\/a><br \/>\n<a title=\"What is a CSA Certification?\" href=\"https:\/\/dimex360.com\/fr\/understanding-the-importance-of-csa-certification\/\">What is a CSA Certification?<\/a><br \/>\nDiscover the significance of CSA certification for faucets and plumbing in Canada. Learn how this mark ensures safety, quality, and compliance with Canadian standards for&#8230;<br \/>\n<a title=\"\" href=\"https:\/\/dimex360.com\/fr\/understanding-the-importance-of-csa-certification\/\">En savoir plus<\/a><br \/>\n<!-- end Post List --><\/p>","protected":false},"excerpt":{"rendered":"<p>Certifications Understanding cUPC Certification in Canada cUPC certification stands as a crucial hallmark for plumbing products in Canada, ensuring compliance with rigorous standards. Discover the importance of this certification&#8230; Find out more Understanding the NSF ANSI 61 Certification for Faucets and Plumbing When you spot our products carrying the NSF ANSI 61 certification, it assures [&hellip;]<\/p>\n","protected":false},"author":3,"featured_media":0,"parent":0,"menu_order":0,"comment_status":"closed","ping_status":"closed","template":"","meta":{"_acf_changed":false},"class_list":["post-30695","page","type-page","status-publish","hentry"],"acf":[],"_links":{"self":[{"href":"https:\/\/dimex360.com\/fr\/wp-json\/wp\/v2\/pages\/30695","targetHints":{"allow":["GET"]}}],"collection":[{"href":"https:\/\/dimex360.com\/fr\/wp-json\/wp\/v2\/pages"}],"about":[{"href":"https:\/\/dimex360.com\/fr\/wp-json\/wp\/v2\/types\/page"}],"author":[{"embeddable":true,"href":"https:\/\/dimex360.com\/fr\/wp-json\/wp\/v2\/users\/3"}],"replies":[{"embeddable":true,"href":"https:\/\/dimex360.com\/fr\/wp-json\/wp\/v2\/comments?post=30695"}],"version-history":[{"count":1,"href":"https:\/\/dimex360.com\/fr\/wp-json\/wp\/v2\/pages\/30695\/revisions"}],"predecessor-version":[{"id":76222,"href":"https:\/\/dimex360.com\/fr\/wp-json\/wp\/v2\/pages\/30695\/revisions\/76222"}],"wp:attachment":[{"href":"https:\/\/dimex360.com\/fr\/wp-json\/wp\/v2\/media?parent=30695"}],"curies":[{"name":"wp","href":"https:\/\/api.w.org\/{rel}","templated":true}]}}