{"id":52213,"date":"2025-03-19T09:41:54","date_gmt":"2025-03-19T13:41:54","guid":{"rendered":"http:\/\/dimex360.com\/?page_id=52213"},"modified":"2025-12-17T16:39:02","modified_gmt":"2025-12-17T21:39:02","slug":"solutions-pour-entrepreneurs","status":"publish","type":"page","link":"https:\/\/dimex360.com\/fr\/contractor-solutions\/","title":{"rendered":"Solutions pour entrepreneurs"},"content":{"rendered":"<h1>Solutions pour entrepreneurs<\/h1>\n<p>Optimize Your Supply Chain for Projects of 40+\u00a0Units with Dimex360\u00a0inc. <a id=\"quote\" role=\"button\"><\/a><br \/>\nObtenez une soumission<\/p>\n<h2>Pourquoi choisir Dimex360 inc. ?<\/h2>\n<p>Avec plus de 25 ans d\u2019exp\u00e9rience en importation, Dimex360 inc. est votre partenaire de confiance pour l\u2019approvisionnement en mat\u00e9riaux de construction destin\u00e9s aux projets de 40 unit\u00e9s et plus. Nous offrons une vaste gamme de produits : vanit\u00e9s, douches, hottes de po\u00eale, luminaires, robinetterie de finition et bien plus encore.<\/p>\n<p>Our advantage? We operate a warehouse and have a dedicated team based in China, committed to overseeing your purchases, ensuring product quality, and optimizing delivery timelines. Thanks to our local presence, we provide efficient and worry-free management for your large-scale projects.<\/p>\n<h2>Nos avantages<\/h2>\n<p><!-- start Icon Bullets --><\/p>\n<style>\/* widget: Icon Bullets *\/<br \/>#uc_uc_material_bullets_elementor_bff786d5 *{<br \/>\t-webkit-box-sizing: border-box;<br \/>\t-moz-box-sizing: border-box;<br \/>\tbox-sizing: border-box;<br \/>}<br \/>#uc_uc_material_bullets_elementor_bff786d5 .uc-bullet-active{<br \/>}<br \/>#uc_uc_material_bullets_elementor_bff786d5 .ue-icon<br \/>{<br \/>  display:flex;<br \/>  align-items:center;<br \/>  justify-content:center;<br \/>  flex-grow:0;<br \/>  flex-shrink:0;<br \/>  line-height:1em;<br \/>  transition:0.3s;<br \/>}<br \/>#uc_uc_material_bullets_elementor_bff786d5 .ue-icon svg<br \/>{<br \/>  height:1em;<br \/>  width:1em;<br \/>}<br \/>#uc_uc_material_bullets_elementor_bff786d5 .uc_material_bullets_row<br \/>{<br \/>\tfont-weight:400;<br \/>\toverflow:hidden;<br \/>\tdisplay:flex;<br \/>\tposition:relative;<br \/>\ttext-align:left;<br \/>\twidth:100%;<br \/>    transition:0.3s;<br \/>}<br \/>#uc_uc_material_bullets_elementor_bff786d5 .uc_material_bullets_row a.ue-item-link<br \/>{<br \/>  position:absolute;<br \/>  display:block;<br \/>  top:0;<br \/>  right:0;<br \/>  left:0;<br \/>  bottom:0;<br \/>}<br \/>#uc_uc_material_bullets_elementor_bff786d5 .uc_material_bullets_row:last-child<br \/>{<br \/>\tmargin-bottom:0px !important;<br \/>}<br \/>#uc_uc_material_bullets_elementor_bff786d5 .uc_material_bullets_row<br \/>{<br \/>\tposition:relative;<br \/>\tvertical-align:middle;<br \/>}<br \/>#uc_uc_material_bullets_elementor_bff786d5 .uc_material_bullets_row .uc_content_box<br \/>{<br \/>\tdisplay:flex;<br \/>    flex-direction:column;<br \/>    justify-content:center;<br \/>    align-items: flex-start;<br \/>    flex-grow:1;<br \/>}<br \/>#uc_uc_material_bullets_elementor_bff786d5 .ue-bullets<br \/>{<br \/>  display:grid;<br \/>}<br \/>#uc_uc_material_bullets_elementor_bff786d5 .ue-text, #uc_uc_material_bullets_elementor_bff786d5 .ue-title, #uc_uc_material_bullets_elementor_bff786d5 .ue-seperator<br \/>{<br \/>  width:100%;<br \/>}<br \/>#uc_uc_material_bullets_elementor_bff786d5 .ue-seperator-line<br \/>{<br \/>  display:inline-block;<br \/>  font-size:0px;<br \/>}<br \/>#uc_uc_material_bullets_elementor_bff786d5 .ue-seperator<br \/>{<br \/>  font-size:0px;<br \/>}<br \/>#uc_uc_material_bullets_elementor_bff786d5.uc-remote-parent .uc_material_bullets_row<br \/>{<br \/>  cursor:pointer;<br \/>}<br \/>.ue-title<br \/>{<br \/>  font-size:21px;<br \/>}<br \/><\/style>\n<p>Plus de 25 ans d'expertise en importation<br \/>\nWith over 25 years of experience in importation, Dimex360 inc. is your trusted partner for supplying finishing products for projects of 40\u00a0units or more.<br \/>\nUn contr\u00f4le rigoureux de la qualit\u00e9 sur place<br \/>\nTous nos produits font l\u2019objet d\u2019un contr\u00f4le de qualit\u00e9 strict afin de r\u00e9pondre aux exigences des projets multilogements.<br \/>\nUne logistique optimis\u00e9e pour des d\u00e9lais r\u00e9duits<br \/>\nNous assurons une gestion efficace de l\u2019entreposage et de la livraison, afin de respecter vos \u00e9ch\u00e9anciers de chantier, m\u00eame les plus serr\u00e9s.<br \/>\nUn accompagnement personnalit\u00e9 selon vos besoins<br \/>\nNous offrons un service-conseil adapt\u00e9 \u00e0 chaque projet, avec une vaste gamme de produits de finition\u202f: vanit\u00e9s, douches, hottes, luminaires, robinetterie et plus encore.<br \/>\n<!--end of icon bullets --><br \/>\n<!-- end Icon Bullets --><\/p>\n<h2>Our products<\/h2>\n<h3>Meubles-lavabos<\/h3>\n<h3>Showers<\/h3>\n<h3>Range hoods<\/h3>\n<h3>Lighting fixtures<\/h3>\n<h3>Robinets<\/h3>\n<h3>much more<\/h3>\n<p><!-- start Image Accordion --><\/p>\n<style>\/* widget: Image Accordion *\/<br \/>@keyframes uc_image_accodion_elementor_2cb9de56__item-animation {<br \/>  0% {<br \/>            transform: translateX(-100px);<br \/>        \t        \tfilter: blur(10px);<br \/>    \t    opacity: 0;<br \/>  }<br \/>  100% {<br \/>            transform: translateX(0px);<br \/>        \t            filter: blur(0px);<br \/>    \t\topacity: 1;<br \/>  }<br \/>}<br \/>#uc_image_accodion_elementor_2cb9de56 .uc_image_accodion_holder{<br \/>\topacity:0;<br \/>}<br \/>#uc_image_accodion_elementor_2cb9de56 .uc-entrance-animate {<br \/>  opacity:1;<br \/>}<br \/>#uc_image_accodion_elementor_2cb9de56 .uc-entrance-animate {<br \/>\tanimation: uc_image_accodion_elementor_2cb9de56__item-animation 0.6s cubic-bezier(0.470, 0.000, 0.745, 0.715) both;<br \/>}<br \/>#uc_image_accodion_elementor_2cb9de56 * {<br \/>\tbox-sizing: border-box;<br \/>}<br \/>#uc_image_accodion_elementor_2cb9de56.uc_image_accodion .uc_content .uc_image_accodion_holder{<br \/>  \ttransition: 1000ms;<br \/>}<br \/>#uc_image_accodion_elementor_2cb9de56  a.uc_more_btn{<br \/>  display:inline-block;<br \/>  text-decoration:none;<br \/>}<br \/>#uc_image_accodion_elementor_2cb9de56 .uc_content{<br \/>\tdisplay: flex;<br \/>\tflex-wrap: wrap;<br \/>    transform:rotate(0deg);<br \/>}<br \/>#uc_image_accodion_elementor_2cb9de56 .uc_content .uc_image_accodion_holder{<br \/>\tdisplay: block;<br \/>\tbackground-repeat: no-repeat;<br \/>\tflex: 1;<br \/>\ttext-align: center;<br \/>\tposition: relative;<br \/>\ttext-decoration: none;<br \/>\ttransition: 1000ms;<br \/>    overflow:hidden;<br \/>    transform:skew(0deg);<br \/>}<br \/>#uc_image_accodion_elementor_2cb9de56 .uc_content .uc_image_accodion_holder.uc_hover{<br \/>\tflex: 2;<br \/>}<br \/>#uc_image_accodion_elementor_2cb9de56 .uc_content .uc_image_accodion_holder .uc_overlay > * {<br \/>    transform:skew(-0deg) rotate(-0deg);<br \/>}<br \/>#uc_image_accodion_elementor_2cb9de56 .uc_content .uc_image_accodion_holder .uc_overlay {<br \/>    display: flex;<br \/>    justify-content: center;<br \/>    position: absolute;<br \/>    top: 0;<br \/>    right: 0;<br \/>    bottom: 0;<br \/>    left: 0;<br \/>    transition:1000ms;<br \/>}<br \/>#uc_image_accodion_elementor_2cb9de56 .uc_content .uc_overlay .uc_overlay_inner {<br \/>    z-index: 1;<br \/>}<br \/>#uc_image_accodion_elementor_2cb9de56 .uc_content .uc_overlay .ue_title-wrapper {<br \/>\topacity: 0;<br \/>    visibility: hidden;<br \/>}<br \/>#uc_image_accodion_elementor_2cb9de56 .uc_content .uc_image_accodion_holder.uc_hover .ue_title-wrapper {<br \/>    opacity: 1;<br \/>    visibility: visible;<br \/>    transition: 1000ms;<br \/>}<br \/>#uc_image_accodion_elementor_2cb9de56 .uc_content .uc_overlay .uc_overlay_inner div.ue-content {<br \/>\ttransform: translate3d(0,60px,0);<br \/>\topacity: 0;<br \/>    visibility: hidden;<br \/>}<br \/>#uc_image_accodion_elementor_2cb9de56 .uc_content .uc_image_accodion_holder.uc_hover .uc_overlay .uc_overlay_inner div.ue-content {<br \/>    opacity: 1;<br \/>    visibility: visible;<br \/>    transform: none;<br \/>    transition: 1000ms;<br \/>}<br \/>#uc_image_accodion_elementor_2cb9de56 .ue_item_icon{<br \/>  line-height:1em;<br \/>}<br \/>#uc_image_accodion_elementor_2cb9de56 .ue_item_icon svg{<br \/>  height:1em;<br \/>  width:1em;<br \/>}<br \/>#uc_image_accodion_elementor_2cb9de56 .ue_subtitle{<br \/>  display:block;<br \/>}<br \/>#uc_image_accodion_elementor_2cb9de56 .uc_item_link{<br \/>  position: absolute;<br \/>  top: 0;<br \/>  left: ;<br \/>  width: 100%;<br \/>  height: 100%;<br \/>  display: block;<br \/>  z-index: 1;<br \/>}<br \/>@media only screen and (max-width:800px){<br \/>  #uc_image_accodion_elementor_2cb9de56 .uc_content {<br \/>    flex-direction: column;<br \/>  }<br \/>}<br \/><\/style>\n<p><!-- end Image Accordion --><\/p>\n<h2>How it works:<\/h2>\n<h3>Consultation &amp;<br \/>\nneeds analysis<\/h3>\n<h3>Product selection &amp;<br \/>\nquality validation<\/h3>\n<h3>Gestion de la logistique &amp; d\u00e9lais optimis\u00e9s<\/h3>\n<h3>Delivery &amp;<br \/>\nproject follow-up<\/h3>\n<h2>Contact us<\/h2>\n<p>Have a project of 40\u00a0units or more? Trust Dimex360 inc. to provide quality finishing and furnishing products at the best price.<\/p>\n<p>Contact us today to explore all the opportunities our network has to offer!<\/p>\n<p><a id=\"contact\" role=\"button\"><\/a><br \/>\nContact form<\/p>","protected":false},"excerpt":{"rendered":"<p>Contractor Solutions Optimize Your Supply Chain for Projects of 40+\u00a0Units with Dimex360\u00a0inc. Get a quote Why choose Dimex360 inc. ? With over 25 years of experience in importation, Dimex360 inc. is your trusted partner for sourcing construction materials for projects of 40 units or more. We offer a wide range of products including vanities, showers, [&hellip;]<\/p>\n","protected":false},"author":3,"featured_media":0,"parent":0,"menu_order":0,"comment_status":"closed","ping_status":"closed","template":"","meta":{"_acf_changed":false},"class_list":["post-52213","page","type-page","status-publish","hentry"],"acf":[],"_links":{"self":[{"href":"https:\/\/dimex360.com\/fr\/wp-json\/wp\/v2\/pages\/52213","targetHints":{"allow":["GET"]}}],"collection":[{"href":"https:\/\/dimex360.com\/fr\/wp-json\/wp\/v2\/pages"}],"about":[{"href":"https:\/\/dimex360.com\/fr\/wp-json\/wp\/v2\/types\/page"}],"author":[{"embeddable":true,"href":"https:\/\/dimex360.com\/fr\/wp-json\/wp\/v2\/users\/3"}],"replies":[{"embeddable":true,"href":"https:\/\/dimex360.com\/fr\/wp-json\/wp\/v2\/comments?post=52213"}],"version-history":[{"count":0,"href":"https:\/\/dimex360.com\/fr\/wp-json\/wp\/v2\/pages\/52213\/revisions"}],"wp:attachment":[{"href":"https:\/\/dimex360.com\/fr\/wp-json\/wp\/v2\/media?parent=52213"}],"curies":[{"name":"wp","href":"https:\/\/api.w.org\/{rel}","templated":true}]}}