{"id":83968,"date":"2026-04-05T13:52:22","date_gmt":"2026-04-05T17:52:22","guid":{"rendered":"https:\/\/dimex360.com\/product\/shower-arm-and-square-flange-set-by-akuaplus\/"},"modified":"2026-04-05T13:52:23","modified_gmt":"2026-04-05T17:52:23","slug":"bras-de-douche-et-bride-carree-par-akuaplus","status":"publish","type":"product","link":"https:\/\/dimex360.com\/fr\/product\/shower-arm-and-square-flange-set-by-akuaplus\/","title":{"rendered":"Ensemble bras de douche et collerette carr\u00e9e akuaplus\u00ae"},"content":{"rendered":"<p>L\u2019ensemble bras de douche et bride carr\u00e9e akuaplus\u00ae allie style moderne et durabilit\u00e9 avec une \u00e9l\u00e9gante finition. Fabriqu\u00e9 en laiton, le bras de douche mural de 6 po (15,2 cm) comprend des connexions filet\u00e9es de 1\/2 po assurant une installation s\u00e9curitaire et compatible avec les standards nord-am\u00e9ricains de plomberie. Il est accompagn\u00e9 d\u2019une bride carr\u00e9e en acier inoxydable de 2 11\/32 x 2 11\/32 x 11\/32 po (5,9 x 5,9 x 1,5 cm), offrant un rendu mural contemporain et parfaitement coordonn\u00e9. Con\u00e7u pour les applications r\u00e9sidentielles, ce bras de douche est certifi\u00e9 cUPC, garantissant sa conformit\u00e9 aux normes en vigueur.<\/p>","protected":false},"excerpt":{"rendered":"<p>Bras de douche mural de 6 pouces (152 mm) et bride carr\u00e9e au fini noir mat.<\/p>","protected":false},"featured_media":83970,"comment_status":"closed","ping_status":"open","template":"","meta":{"_acf_changed":false},"product_brand":[69594],"product_cat":[65927,65992],"product_tag":[],"class_list":{"0":"post-83968","1":"product","2":"type-product","3":"status-publish","4":"has-post-thumbnail","6":"product_brand-akuaplus","7":"product_cat-parts","8":"product_cat-shower-arms","9":"pa_connexions-filetes-1-2-po","10":"pa_finish-matte-black-finish","12":"first","13":"instock","14":"taxable","15":"shipping-taxable","16":"purchasable","17":"product-type-simple"},"acf":[],"_links":{"self":[{"href":"https:\/\/dimex360.com\/fr\/wp-json\/wp\/v2\/product\/83968","targetHints":{"allow":["GET"]}}],"collection":[{"href":"https:\/\/dimex360.com\/fr\/wp-json\/wp\/v2\/product"}],"about":[{"href":"https:\/\/dimex360.com\/fr\/wp-json\/wp\/v2\/types\/product"}],"replies":[{"embeddable":true,"href":"https:\/\/dimex360.com\/fr\/wp-json\/wp\/v2\/comments?post=83968"}],"wp:featuredmedia":[{"embeddable":true,"href":"https:\/\/dimex360.com\/fr\/wp-json\/wp\/v2\/media\/83970"}],"wp:attachment":[{"href":"https:\/\/dimex360.com\/fr\/wp-json\/wp\/v2\/media?parent=83968"}],"wp:term":[{"taxonomy":"product_brand","embeddable":true,"href":"https:\/\/dimex360.com\/fr\/wp-json\/wp\/v2\/product_brand?post=83968"},{"taxonomy":"product_cat","embeddable":true,"href":"https:\/\/dimex360.com\/fr\/wp-json\/wp\/v2\/product_cat?post=83968"},{"taxonomy":"product_tag","embeddable":true,"href":"https:\/\/dimex360.com\/fr\/wp-json\/wp\/v2\/product_tag?post=83968"}],"curies":[{"name":"wp","href":"https:\/\/api.w.org\/{rel}","templated":true}]}}