{"id":84200,"date":"2026-04-05T13:55:12","date_gmt":"2026-04-05T17:55:12","guid":{"rendered":"https:\/\/dimex360.com\/product\/akualux-3-way-shower-post-system-2\/"},"modified":"2026-04-05T13:55:13","modified_gmt":"2026-04-05T17:55:13","slug":"systeme-de-poteau-de-douche-akualux-a-3-voies-2","status":"publish","type":"product","link":"https:\/\/dimex360.com\/fr\/product\/akualux-3-way-shower-post-system-2\/","title":{"rendered":"Syst\u00e8me de douche 3 voies sur barre murale AKUALUX\u00ae"},"content":{"rendered":"<p>L\u2019ensemble de douche sur colonne 3 voies AKUALUX\u00ae sans valve est con\u00e7u pour moderniser facilement une installation existante en rempla\u00e7ant le pommeau de douche actuel par un syst\u00e8me complet et polyvalent. Il comprend une barre de douche en laiton de 35 3\/8 po (90 cm) avec support \u00e0 douchette ajustable en ABS. Le s\u00e9lecteur 3 voies permet d\u2019utiliser le pommeau, la douchette ou les deux simultan\u00e9ment. Le pommeau de douche pluie pivotant de 8 po (20 cm) et la douchette \u00e0 3 r\u00e9glages en ABS offrent confort et flexibilit\u00e9, tandis que les buses anticalcaires faciles \u00e0 nettoyer assurent un entretien simplifi\u00e9. L\u2019ensemble inclut un boyau flexible en PVC de 59\u00a0po (1,5\u00a0m) avec raccords en laiton. L\u2019entr\u00e9e d\u2019eau situ\u00e9e \u00e0 l\u2019attache murale sup\u00e9rieure permet un raccordement direct \u00e0 l\u2019installation existante. Il offre un d\u00e9bit de 9,5 L\/min (2,5 gal US\/min) et est certifi\u00e9 cUPC, assurant sa conformit\u00e9 aux normes nord-am\u00e9ricaines de plomberie. La valve est vendue s\u00e9par\u00e9ment. Remplacez votre pommeau de douche existant avec ce combo moderne.<\/p>","protected":false},"excerpt":{"rendered":"<p>Syst\u00e8me de douche AKUALUX\u00ae 3 voies avec pomme de douche pluie orientable de 8\u00a05\/8 pouces (22 cm) et douchette \u00e0 3 r\u00e9glages au fini or champagne bross\u00e9 et noir mat. Ce combo est sans valve et remplacera votre pommeau de douche existant.<\/p>","protected":false},"featured_media":84202,"comment_status":"closed","ping_status":"open","template":"","meta":{"_acf_changed":false},"product_brand":[69598],"product_cat":[66000],"product_tag":[],"class_list":{"0":"post-84200","1":"product","2":"type-product","3":"status-publish","4":"has-post-thumbnail","6":"product_brand-akualux","7":"product_cat-shower-systems-without-valve","8":"pa_finish-chgbl","9":"pa_fittings-threaded-1-2","10":"pa_flow-9-5-l-min-2-5-us-gal-min","12":"first","13":"instock","14":"taxable","15":"shipping-taxable","16":"purchasable","17":"product-type-simple"},"acf":[],"_links":{"self":[{"href":"https:\/\/dimex360.com\/fr\/wp-json\/wp\/v2\/product\/84200","targetHints":{"allow":["GET"]}}],"collection":[{"href":"https:\/\/dimex360.com\/fr\/wp-json\/wp\/v2\/product"}],"about":[{"href":"https:\/\/dimex360.com\/fr\/wp-json\/wp\/v2\/types\/product"}],"replies":[{"embeddable":true,"href":"https:\/\/dimex360.com\/fr\/wp-json\/wp\/v2\/comments?post=84200"}],"wp:featuredmedia":[{"embeddable":true,"href":"https:\/\/dimex360.com\/fr\/wp-json\/wp\/v2\/media\/84202"}],"wp:attachment":[{"href":"https:\/\/dimex360.com\/fr\/wp-json\/wp\/v2\/media?parent=84200"}],"wp:term":[{"taxonomy":"product_brand","embeddable":true,"href":"https:\/\/dimex360.com\/fr\/wp-json\/wp\/v2\/product_brand?post=84200"},{"taxonomy":"product_cat","embeddable":true,"href":"https:\/\/dimex360.com\/fr\/wp-json\/wp\/v2\/product_cat?post=84200"},{"taxonomy":"product_tag","embeddable":true,"href":"https:\/\/dimex360.com\/fr\/wp-json\/wp\/v2\/product_tag?post=84200"}],"curies":[{"name":"wp","href":"https:\/\/api.w.org\/{rel}","templated":true}]}}