{"id":84262,"date":"2026-04-05T13:55:18","date_gmt":"2026-04-05T17:55:18","guid":{"rendered":"https:\/\/dimex360.com\/product\/akualux-3-way-pressure-balance-shower-post-system\/"},"modified":"2026-04-05T13:55:35","modified_gmt":"2026-04-05T17:55:35","slug":"systeme-de-colonne-de-douche-a-pression-equilibree-a-3-voies-akualux","status":"publish","type":"product","link":"https:\/\/dimex360.com\/fr\/product\/akualux-3-way-pressure-balance-shower-post-system\/","title":{"rendered":"Syst\u00e8me de douche 3 voies sur barre murale \u00e0 pression \u00e9quilibr\u00e9e AKUALUX\u00ae"},"content":{"rendered":"<p>L\u2019ensemble de douche \u00e0 pression \u00e9quilibr\u00e9e AKUALUX\u00ae est con\u00e7u pour offrir performance, stabilit\u00e9 et durabilit\u00e9 dans les installations r\u00e9sidentielles modernes. La valve de douche, fabriqu\u00e9e en laiton, acier inoxydable et zinc, est \u00e9quip\u00e9e d\u2019une cartouche \u00e0 pression \u00e9quilibr\u00e9e assurant une temp\u00e9rature d\u2019eau constante et r\u00e9duisant les variations soudaines de pression. Elle comprend 1 poign\u00e9e pour un contr\u00f4le pr\u00e9cis du d\u00e9bit et de la temp\u00e9rature. L\u2019entr\u00e9e d\u2019eau est compatible avec une connexion PEX 1\/2 po et comprend une soupape d\u2019arr\u00eat int\u00e9gr\u00e9e pour une installation s\u00e9curitaire et fiable. L\u2019ensemble comprend une barre de douche en laiton de 35 3\/8 po (90 cm) avec support \u00e0 douchette ajustable en ABS. L\u2019entr\u00e9e d\u2019eau est situ\u00e9e au niveau de l\u2019attache murale sup\u00e9rieure, permettant une configuration propre et int\u00e9gr\u00e9e pour une installation sur colonne. Le syst\u00e8me est muni d\u2019un s\u00e9lecteur 3 voies permettant d\u2019utiliser le pommeau, la douchette ou les deux simultan\u00e9ment. Le pommeau de douche pivotant de 8 po (20,32 cm) en ABS assure une couverture optimale. La douchette \u00e0 3 r\u00e9glages en ABS est dot\u00e9e de buses anti-calcaire faciles \u00e0 nettoyer pour un entretien simplifi\u00e9. Le boyau flexible de 59\u00a0po (1,5\u00a0m) en PVC avec raccords en laiton offre souplesse et r\u00e9sistance. Le d\u00e9bit maximal est de 9,5 L\/min (2,5 gal US\/min). Con\u00e7u pour les applications r\u00e9sidentielles, cet ensemble est certifi\u00e9 cUPC, garantissant sa conformit\u00e9 aux normes nord-am\u00e9ricaines de plomberie. Produit offert en exclusivit\u00e9 chez Costco.<\/p>","protected":false},"excerpt":{"rendered":"<p>Syst\u00e8me de douche \u00e0 pression \u00e9quilibr\u00e9e \u00e0 3 voies AKUALUX\u00ae avec valve, comprenant une pomme de douche pluie orientable de 8\u00a05\/8 pouces (22 cm) et une douchette \u00e0 3 r\u00e9glages au fini noir mat. et or champagne bross\u00e9.<\/p>","protected":false},"featured_media":84264,"comment_status":"closed","ping_status":"open","template":"","meta":{"_acf_changed":false},"product_brand":[69598],"product_cat":[65933],"product_tag":[],"class_list":{"0":"post-84262","1":"product","2":"type-product","3":"status-publish","4":"has-post-thumbnail","6":"product_brand-akualux","7":"product_cat-pressure-balance-shower-kits","8":"pa_cartridge-pressure-balance","9":"pa_finish-blchg","10":"pa_fittings-threaded-1-2","11":"pa_flow-9-5-l-min-2-5-us-gal-min","13":"first","14":"instock","15":"taxable","16":"shipping-taxable","17":"purchasable","18":"product-type-simple"},"acf":[],"_links":{"self":[{"href":"https:\/\/dimex360.com\/fr\/wp-json\/wp\/v2\/product\/84262","targetHints":{"allow":["GET"]}}],"collection":[{"href":"https:\/\/dimex360.com\/fr\/wp-json\/wp\/v2\/product"}],"about":[{"href":"https:\/\/dimex360.com\/fr\/wp-json\/wp\/v2\/types\/product"}],"replies":[{"embeddable":true,"href":"https:\/\/dimex360.com\/fr\/wp-json\/wp\/v2\/comments?post=84262"}],"wp:featuredmedia":[{"embeddable":true,"href":"https:\/\/dimex360.com\/fr\/wp-json\/wp\/v2\/media\/84264"}],"wp:attachment":[{"href":"https:\/\/dimex360.com\/fr\/wp-json\/wp\/v2\/media?parent=84262"}],"wp:term":[{"taxonomy":"product_brand","embeddable":true,"href":"https:\/\/dimex360.com\/fr\/wp-json\/wp\/v2\/product_brand?post=84262"},{"taxonomy":"product_cat","embeddable":true,"href":"https:\/\/dimex360.com\/fr\/wp-json\/wp\/v2\/product_cat?post=84262"},{"taxonomy":"product_tag","embeddable":true,"href":"https:\/\/dimex360.com\/fr\/wp-json\/wp\/v2\/product_tag?post=84262"}],"curies":[{"name":"wp","href":"https:\/\/api.w.org\/{rel}","templated":true}]}}