{"id":84380,"date":"2026-04-05T13:56:00","date_gmt":"2026-04-05T17:56:00","guid":{"rendered":"https:\/\/dimex360.com\/product\/kira-4-way-shower-column-system-without-valve-by-akuaplus\/"},"modified":"2026-04-05T13:56:02","modified_gmt":"2026-04-05T17:56:02","slug":"colonne-de-douche-kira-a-4-voies-sans-robinetterie-par-akuaplus","status":"publish","type":"product","link":"https:\/\/dimex360.com\/fr\/product\/kira-4-way-shower-column-system-without-valve-by-akuaplus\/","title":{"rendered":"Syst\u00e8me de colonne de douche 4 voies sans valve KIRA akuaplus\u00ae"},"content":{"rendered":"<p>Remplacez votre pommeau de douche existant avec ce combo moderne. SYST\u00c8ME DE COLONNE POUR DOUCHE 4 VOIES SANS VALVE : Fabriqu\u00e9 en aluminium; 4 r\u00e9glages; Pommeau de douche de 8 pouces (20 cm); Douchette \u00e0 1 r\u00e9glage avec support mural; Jets de corps combinant massage et jets doux; Buses anti-calcaire faciles \u00e0 nettoyer; Boyau flexible de 59\u00a0po (1,5\u00a0m) en PVC et raccords en laiton; D\u00e9bit de 9,5 L\/min (2,5 gal US\/min); Se raccorde \u00e0 votre installation existante; Valve de douche vendu s\u00e9par\u00e9ment.<\/p>","protected":false},"excerpt":{"rendered":"<p>Syst\u00e8me de colonne pour douche 4 voies sans valve au fini noir mat. Ce combo est sans valve et remplacera votre pommeau de douche existant.<\/p>","protected":false},"featured_media":84382,"comment_status":"closed","ping_status":"open","template":"","meta":{"_acf_changed":false},"product_brand":[69594],"product_cat":[66000],"product_tag":[],"class_list":{"0":"post-84380","1":"product","2":"type-product","3":"status-publish","4":"has-post-thumbnail","6":"product_brand-akuaplus","7":"product_cat-shower-systems-without-valve","8":"pa_finish-matte-black-finish","9":"pa_fittings-threaded-1-2","11":"first","12":"instock","13":"taxable","14":"shipping-taxable","15":"purchasable","16":"product-type-simple"},"acf":[],"_links":{"self":[{"href":"https:\/\/dimex360.com\/fr\/wp-json\/wp\/v2\/product\/84380","targetHints":{"allow":["GET"]}}],"collection":[{"href":"https:\/\/dimex360.com\/fr\/wp-json\/wp\/v2\/product"}],"about":[{"href":"https:\/\/dimex360.com\/fr\/wp-json\/wp\/v2\/types\/product"}],"replies":[{"embeddable":true,"href":"https:\/\/dimex360.com\/fr\/wp-json\/wp\/v2\/comments?post=84380"}],"wp:featuredmedia":[{"embeddable":true,"href":"https:\/\/dimex360.com\/fr\/wp-json\/wp\/v2\/media\/84382"}],"wp:attachment":[{"href":"https:\/\/dimex360.com\/fr\/wp-json\/wp\/v2\/media?parent=84380"}],"wp:term":[{"taxonomy":"product_brand","embeddable":true,"href":"https:\/\/dimex360.com\/fr\/wp-json\/wp\/v2\/product_brand?post=84380"},{"taxonomy":"product_cat","embeddable":true,"href":"https:\/\/dimex360.com\/fr\/wp-json\/wp\/v2\/product_cat?post=84380"},{"taxonomy":"product_tag","embeddable":true,"href":"https:\/\/dimex360.com\/fr\/wp-json\/wp\/v2\/product_tag?post=84380"}],"curies":[{"name":"wp","href":"https:\/\/api.w.org\/{rel}","templated":true}]}}