{"id":84402,"date":"2026-04-05T13:56:07","date_gmt":"2026-04-05T17:56:07","guid":{"rendered":"https:\/\/dimex360.com\/product\/adjustable-water-flow-regulator-by-akuaplus\/"},"modified":"2026-04-05T13:56:08","modified_gmt":"2026-04-05T17:56:08","slug":"regulateur-de-debit-deau-ajustable-par-akuaplus","status":"publish","type":"product","link":"https:\/\/dimex360.com\/fr\/product\/adjustable-water-flow-regulator-by-akuaplus\/","title":{"rendered":"R\u00e9gulateur de d\u00e9bit d\u2019eau akuaplus\u00ae"},"content":{"rendered":"<p>Le r\u00e9gulateur de d\u00e9bit d\u2019eau akuaplus\u00ae est fabriqu\u00e9 en ABS, assurant l\u00e9g\u00e8ret\u00e9, durabilit\u00e9 et r\u00e9sistance \u00e0 l\u2019usage quotidien. Il est dot\u00e9 d\u2019un raccord 1\/2 po (femelle\/m\u00e2le) pour une compatibilit\u00e9 standard avec les installations de plomberie r\u00e9sidentielles. Con\u00e7u pour r\u00e9guler efficacement le d\u00e9bit d\u2019eau, il contribue \u00e0 optimiser la consommation tout en maintenant une performance constante. Ce produit est certifi\u00e9 cUPC, assurant sa conformit\u00e9 aux normes nord-am\u00e9ricaines de plomberie.<\/p>","protected":false},"excerpt":{"rendered":"<p>R\u00e9gulateur de d\u00e9bit d'eau fini chrome.<\/p>","protected":false},"featured_media":84404,"comment_status":"closed","ping_status":"open","template":"","meta":{"_acf_changed":false},"product_brand":[69594],"product_cat":[69738,65927],"product_tag":[],"class_list":{"0":"post-84402","1":"product","2":"type-product","3":"status-publish","4":"has-post-thumbnail","6":"product_brand-akuaplus","7":"product_cat-other-bathroom-parts","8":"product_cat-parts","9":"pa_finish-chrome-finish","10":"pa_fittings-threaded-1-2","12":"first","13":"instock","14":"taxable","15":"shipping-taxable","16":"purchasable","17":"product-type-simple"},"acf":[],"_links":{"self":[{"href":"https:\/\/dimex360.com\/fr\/wp-json\/wp\/v2\/product\/84402","targetHints":{"allow":["GET"]}}],"collection":[{"href":"https:\/\/dimex360.com\/fr\/wp-json\/wp\/v2\/product"}],"about":[{"href":"https:\/\/dimex360.com\/fr\/wp-json\/wp\/v2\/types\/product"}],"replies":[{"embeddable":true,"href":"https:\/\/dimex360.com\/fr\/wp-json\/wp\/v2\/comments?post=84402"}],"wp:featuredmedia":[{"embeddable":true,"href":"https:\/\/dimex360.com\/fr\/wp-json\/wp\/v2\/media\/84404"}],"wp:attachment":[{"href":"https:\/\/dimex360.com\/fr\/wp-json\/wp\/v2\/media?parent=84402"}],"wp:term":[{"taxonomy":"product_brand","embeddable":true,"href":"https:\/\/dimex360.com\/fr\/wp-json\/wp\/v2\/product_brand?post=84402"},{"taxonomy":"product_cat","embeddable":true,"href":"https:\/\/dimex360.com\/fr\/wp-json\/wp\/v2\/product_cat?post=84402"},{"taxonomy":"product_tag","embeddable":true,"href":"https:\/\/dimex360.com\/fr\/wp-json\/wp\/v2\/product_tag?post=84402"}],"curies":[{"name":"wp","href":"https:\/\/api.w.org\/{rel}","templated":true}]}}