{"id":84405,"date":"2026-04-05T13:56:07","date_gmt":"2026-04-05T17:56:07","guid":{"rendered":"https:\/\/dimex360.com\/product\/2-way-diverter-valve-by-akuaplus\/"},"modified":"2026-04-05T13:56:15","modified_gmt":"2026-04-05T17:56:15","slug":"vanne-de-derivation-a-2-voies-par-akuaplus","status":"publish","type":"product","link":"https:\/\/dimex360.com\/fr\/product\/2-way-diverter-valve-by-akuaplus\/","title":{"rendered":"D\u00e9viateur 2 voies akuaplus\u00ae"},"content":{"rendered":"<p>Le d\u00e9viateur 2 voies akuaplus\u00ae est fabriqu\u00e9 en laiton, assurant robustesse, durabilit\u00e9 et r\u00e9sistance \u00e0 la corrosion. Il est dot\u00e9 d\u2019un raccord 1\/2 po (femelle\/m\u00e2le\/m\u00e2le) compatible avec les installations de plomberie r\u00e9sidentielles standards. Ce d\u00e9viateur permet de diriger facilement le d\u00e9bit d\u2019eau entre deux sorties, offrant flexibilit\u00e9 et contr\u00f4le dans les syst\u00e8mes de douche. Con\u00e7u pour les applications r\u00e9sidentielles, ce produit est certifi\u00e9 cUPC, garantissant sa conformit\u00e9 aux normes nord-am\u00e9ricaines de plomberie.<\/p>","protected":false},"excerpt":{"rendered":"<p>D\u00e9viateur 2 voies au fini chrome.<\/p>","protected":false},"featured_media":84407,"comment_status":"closed","ping_status":"open","template":"","meta":{"_acf_changed":false},"product_brand":[69594],"product_cat":[69738,65927],"product_tag":[],"class_list":{"0":"post-84405","1":"product","2":"type-product","3":"status-publish","4":"has-post-thumbnail","6":"product_brand-akuaplus","7":"product_cat-other-bathroom-parts","8":"product_cat-parts","9":"pa_finish-chrome-finish","10":"pa_fittings-threaded-1-2","12":"first","13":"instock","14":"taxable","15":"shipping-taxable","16":"purchasable","17":"product-type-simple"},"acf":[],"_links":{"self":[{"href":"https:\/\/dimex360.com\/fr\/wp-json\/wp\/v2\/product\/84405","targetHints":{"allow":["GET"]}}],"collection":[{"href":"https:\/\/dimex360.com\/fr\/wp-json\/wp\/v2\/product"}],"about":[{"href":"https:\/\/dimex360.com\/fr\/wp-json\/wp\/v2\/types\/product"}],"replies":[{"embeddable":true,"href":"https:\/\/dimex360.com\/fr\/wp-json\/wp\/v2\/comments?post=84405"}],"wp:featuredmedia":[{"embeddable":true,"href":"https:\/\/dimex360.com\/fr\/wp-json\/wp\/v2\/media\/84407"}],"wp:attachment":[{"href":"https:\/\/dimex360.com\/fr\/wp-json\/wp\/v2\/media?parent=84405"}],"wp:term":[{"taxonomy":"product_brand","embeddable":true,"href":"https:\/\/dimex360.com\/fr\/wp-json\/wp\/v2\/product_brand?post=84405"},{"taxonomy":"product_cat","embeddable":true,"href":"https:\/\/dimex360.com\/fr\/wp-json\/wp\/v2\/product_cat?post=84405"},{"taxonomy":"product_tag","embeddable":true,"href":"https:\/\/dimex360.com\/fr\/wp-json\/wp\/v2\/product_tag?post=84405"}],"curies":[{"name":"wp","href":"https:\/\/api.w.org\/{rel}","templated":true}]}}