{"id":84586,"date":"2026-04-05T13:58:23","date_gmt":"2026-04-05T17:58:23","guid":{"rendered":"https:\/\/dimex360.com\/product\/adjustable-handheld-shower-holder-by-akuaplus\/"},"modified":"2026-04-05T13:58:24","modified_gmt":"2026-04-05T17:58:24","slug":"support-de-douchette-reglable-par-akuaplus","status":"publish","type":"product","link":"https:\/\/dimex360.com\/fr\/product\/adjustable-handheld-shower-holder-by-akuaplus\/","title":{"rendered":"Support \u00e0 douchette r\u00e9glable akuaplus\u00ae"},"content":{"rendered":"<p>Le support \u00e0 douchette pour barre d\u2019appui de s\u00e9curit\u00e9 akuaplus\u00ae est con\u00e7u pour s\u2019installer sur une barre d\u2019appui de 32 mm (1 1\/4 po), offrant une solution pratique et polyvalente pour les environnements r\u00e9sidentiels. Fabriqu\u00e9 en ABS durable, il est r\u00e9glable et pivotant, permettant un ajustement pr\u00e9cis de l\u2019angle de la douchette. Il glisse facilement de haut en bas sur la barre d\u2019appui pour s\u2019adapter aux besoins de l\u2019utilisateur. Ce support est compatible avec une douchette munie d\u2019un boyau \u00e0 \u00e9crou conique et s\u2019installe facilement sur une barre d\u2019appui verticale ou horizontale. Con\u00e7u pour les applications r\u00e9sidentielles, ce produit est certifi\u00e9 cUPC, assurant sa conformit\u00e9 aux normes nord-am\u00e9ricaines de plomberie.<\/p>","protected":false},"excerpt":{"rendered":"<p>Support \u00e0 douchette r\u00e9glable et pivotant pour barre d\u2019appui gauche ou droite au fini chrome.<\/p>","protected":false},"featured_media":84588,"comment_status":"closed","ping_status":"open","template":"","meta":{"_acf_changed":false},"product_brand":[69594],"product_cat":[69738,65927],"product_tag":[],"class_list":{"0":"post-84586","1":"product","2":"type-product","3":"status-publish","4":"has-post-thumbnail","6":"product_brand-akuaplus","7":"product_cat-other-bathroom-parts","8":"product_cat-parts","9":"pa_finish-chrome-finish","11":"first","12":"instock","13":"taxable","14":"shipping-taxable","15":"purchasable","16":"product-type-simple"},"acf":[],"_links":{"self":[{"href":"https:\/\/dimex360.com\/fr\/wp-json\/wp\/v2\/product\/84586","targetHints":{"allow":["GET"]}}],"collection":[{"href":"https:\/\/dimex360.com\/fr\/wp-json\/wp\/v2\/product"}],"about":[{"href":"https:\/\/dimex360.com\/fr\/wp-json\/wp\/v2\/types\/product"}],"replies":[{"embeddable":true,"href":"https:\/\/dimex360.com\/fr\/wp-json\/wp\/v2\/comments?post=84586"}],"wp:featuredmedia":[{"embeddable":true,"href":"https:\/\/dimex360.com\/fr\/wp-json\/wp\/v2\/media\/84588"}],"wp:attachment":[{"href":"https:\/\/dimex360.com\/fr\/wp-json\/wp\/v2\/media?parent=84586"}],"wp:term":[{"taxonomy":"product_brand","embeddable":true,"href":"https:\/\/dimex360.com\/fr\/wp-json\/wp\/v2\/product_brand?post=84586"},{"taxonomy":"product_cat","embeddable":true,"href":"https:\/\/dimex360.com\/fr\/wp-json\/wp\/v2\/product_cat?post=84586"},{"taxonomy":"product_tag","embeddable":true,"href":"https:\/\/dimex360.com\/fr\/wp-json\/wp\/v2\/product_tag?post=84586"}],"curies":[{"name":"wp","href":"https:\/\/api.w.org\/{rel}","templated":true}]}}