{"id":84612,"date":"2026-04-15T16:36:28","date_gmt":"2026-04-15T20:36:28","guid":{"rendered":"https:\/\/dimex360.com\/product\/3-position-wall-mount-handheld-shower-holder-by-akuaplus\/"},"modified":"2026-04-15T16:37:01","modified_gmt":"2026-04-15T20:37:01","slug":"support-mural-a-3-positions-pour-douchette-a-main-par-akuaplus","status":"publish","type":"product","link":"https:\/\/dimex360.com\/fr\/product\/3-position-wall-mount-handheld-shower-holder-by-akuaplus\/","title":{"rendered":"Support mural pour douchette \u00e0 3 positions akuaplus\u00ae"},"content":{"rendered":"<p>Le support mural pour douchette \u00e0 3 positions est fabriqu\u00e9 en ABS durable, offrant l\u00e9g\u00e8ret\u00e9 et r\u00e9sistance \u00e0 l\u2019usage quotidien. Son m\u00e9canisme \u00e0 3 positions ajustables permet de modifier facilement l\u2019angle de la douchette pour un confort optimal. Il peut \u00eatre install\u00e9 \u00e0 l\u2019aide du collant double face inclus ou fix\u00e9 solidement avec les 2 vis en acier inoxydable et les chevilles de plastique fournies, assurant une installation flexible selon les besoins. Sa conception compacte et discr\u00e8te s\u2019int\u00e8gre harmonieusement aux salles de bain modernes.<\/p>","protected":false},"excerpt":{"rendered":"<p>Attache murale \u00e0 3 positions pour douchette au fini chrome.<\/p>","protected":false},"featured_media":84614,"comment_status":"closed","ping_status":"open","template":"","meta":{"_acf_changed":false},"product_brand":[69594],"product_cat":[69738,65927],"product_tag":[],"class_list":{"0":"post-84612","1":"product","2":"type-product","3":"status-publish","4":"has-post-thumbnail","6":"product_brand-akuaplus","7":"product_cat-other-bathroom-parts","8":"product_cat-parts","9":"pa_finish-chrome-finish","11":"first","12":"instock","13":"taxable","14":"shipping-taxable","15":"purchasable","16":"product-type-simple"},"acf":[],"_links":{"self":[{"href":"https:\/\/dimex360.com\/fr\/wp-json\/wp\/v2\/product\/84612","targetHints":{"allow":["GET"]}}],"collection":[{"href":"https:\/\/dimex360.com\/fr\/wp-json\/wp\/v2\/product"}],"about":[{"href":"https:\/\/dimex360.com\/fr\/wp-json\/wp\/v2\/types\/product"}],"replies":[{"embeddable":true,"href":"https:\/\/dimex360.com\/fr\/wp-json\/wp\/v2\/comments?post=84612"}],"wp:featuredmedia":[{"embeddable":true,"href":"https:\/\/dimex360.com\/fr\/wp-json\/wp\/v2\/media\/84614"}],"wp:attachment":[{"href":"https:\/\/dimex360.com\/fr\/wp-json\/wp\/v2\/media?parent=84612"}],"wp:term":[{"taxonomy":"product_brand","embeddable":true,"href":"https:\/\/dimex360.com\/fr\/wp-json\/wp\/v2\/product_brand?post=84612"},{"taxonomy":"product_cat","embeddable":true,"href":"https:\/\/dimex360.com\/fr\/wp-json\/wp\/v2\/product_cat?post=84612"},{"taxonomy":"product_tag","embeddable":true,"href":"https:\/\/dimex360.com\/fr\/wp-json\/wp\/v2\/product_tag?post=84612"}],"curies":[{"name":"wp","href":"https:\/\/api.w.org\/{rel}","templated":true}]}}