{"id":86534,"date":"2026-04-15T16:38:50","date_gmt":"2026-04-15T20:38:50","guid":{"rendered":"https:\/\/dimex360.com\/product\/ina-pressure-balance-bath-shower-set-with-tub-spout-and-5-setting-hand-shower-by-akuaplus\/"},"modified":"2026-04-15T16:39:38","modified_gmt":"2026-04-15T20:39:38","slug":"ensemble-de-douche-et-de-bain-a-pression-equilibree-avec-bec-de-baignoire-et-douchette-a-main-a-5-jets-par-akuaplus","status":"publish","type":"product","link":"https:\/\/dimex360.com\/fr\/product\/ina-pressure-balance-bath-shower-set-with-tub-spout-and-5-setting-hand-shower-by-akuaplus\/","title":{"rendered":"Ensemble bain-douche INA \u00e0 pression \u00e9quilibr\u00e9e akuaplus\u00ae avec bec de bain et douchette 5 r\u00e9glages"},"content":{"rendered":"<p>L\u2019ensemble bain-douche akuaplus\u00ae \u00e0 pression \u00e9quilibr\u00e9e est con\u00e7u pour offrir une performance fiable, un contr\u00f4le pr\u00e9cis de la temp\u00e9rature et une installation durable dans les salles de bain r\u00e9sidentielles modernes. La valve de douche est fabriqu\u00e9e en laiton, acier inoxydable et zinc et int\u00e8gre une cartouche \u00e0 pression \u00e9quilibr\u00e9e assurant une stabilit\u00e9 optimale de la temp\u00e9rature, m\u00eame en cas de variations de pression d\u2019eau. Elle comprend une connexion PEX 1\/2 po pour l\u2019arriv\u00e9e d\u2019eau avec soupape d\u2019arr\u00eat int\u00e9gr\u00e9e et est actionn\u00e9e par une poign\u00e9e unique en zinc permettant un contr\u00f4le pr\u00e9cis du d\u00e9bit et de la temp\u00e9rature. L\u2019ensemble comprend une douchette \u00e0 5 jets en ABS avec buses anti-calcaire faciles \u00e0 nettoyer, offrant plusieurs modes de pulv\u00e9risation pour un confort personnalis\u00e9. Elle est install\u00e9e sur un bras de douche en laiton de 6 po (15,24 cm) avec bride et support \u00e0 douchette en ABS. Le boyau flexible de 59\u00a0po (1,5\u00a0m), en acier inoxydable \u00e0 double agrafage avec raccords en laiton, assure robustesse et durabilit\u00e9. La douchette offre un d\u00e9bit maximal de 9,5 L\/min (2,5 gal US\/min). Le bec de bain carr\u00e9 en zinc, \u00e0 glissement, est muni d\u2019un d\u00e9viateur 2 voies et mesure 5 3\/8 po (13,7 cm). Certifi\u00e9 cUPC, cet ensemble r\u00e9pond aux normes nord-am\u00e9ricaines de plomberie.<\/p>","protected":false},"excerpt":{"rendered":"<p>Ensemble bain-douche INA \u00e0 levier unique avec valve \u00e0 pression \u00e9quilibr\u00e9e et connexion PEX 1\/2 po, douchette \u00e0 5 r\u00e9glages, bras de douche, bec de bain \u00e0 glissement avec d\u00e9viateur 2 voies et boyau flexible en acier inoxydable au fini chrome.<\/p>","protected":false},"featured_media":86536,"comment_status":"closed","ping_status":"open","template":"","meta":{"_acf_changed":false},"product_brand":[69594],"product_cat":[65931],"product_tag":[],"class_list":{"0":"post-86534","1":"product","2":"type-product","3":"status-publish","4":"has-post-thumbnail","6":"product_brand-akuaplus","7":"product_cat-pressure-balance-bath-shower-kits","8":"pa_cartridge-pressure-balance","9":"pa_collection-ina","10":"pa_finish-chrome-finish","11":"pa_fittings-threaded-1-2","12":"pa_flow-9-5-l-min-2-5-us-gal-min","14":"first","15":"instock","16":"taxable","17":"shipping-taxable","18":"purchasable","19":"product-type-simple"},"acf":[],"_links":{"self":[{"href":"https:\/\/dimex360.com\/fr\/wp-json\/wp\/v2\/product\/86534","targetHints":{"allow":["GET"]}}],"collection":[{"href":"https:\/\/dimex360.com\/fr\/wp-json\/wp\/v2\/product"}],"about":[{"href":"https:\/\/dimex360.com\/fr\/wp-json\/wp\/v2\/types\/product"}],"replies":[{"embeddable":true,"href":"https:\/\/dimex360.com\/fr\/wp-json\/wp\/v2\/comments?post=86534"}],"wp:featuredmedia":[{"embeddable":true,"href":"https:\/\/dimex360.com\/fr\/wp-json\/wp\/v2\/media\/86536"}],"wp:attachment":[{"href":"https:\/\/dimex360.com\/fr\/wp-json\/wp\/v2\/media?parent=86534"}],"wp:term":[{"taxonomy":"product_brand","embeddable":true,"href":"https:\/\/dimex360.com\/fr\/wp-json\/wp\/v2\/product_brand?post=86534"},{"taxonomy":"product_cat","embeddable":true,"href":"https:\/\/dimex360.com\/fr\/wp-json\/wp\/v2\/product_cat?post=86534"},{"taxonomy":"product_tag","embeddable":true,"href":"https:\/\/dimex360.com\/fr\/wp-json\/wp\/v2\/product_tag?post=86534"}],"curies":[{"name":"wp","href":"https:\/\/api.w.org\/{rel}","templated":true}]}}