{"id":86829,"date":"2026-04-15T16:40:35","date_gmt":"2026-04-15T20:40:35","guid":{"rendered":"https:\/\/dimex360.com\/product\/lila-bath-shower-set-by-akuaplus\/"},"modified":"2026-04-15T16:41:29","modified_gmt":"2026-04-15T20:41:29","slug":"ensemble-de-douche-et-bain-lila-par-akuaplus","status":"publish","type":"product","link":"https:\/\/dimex360.com\/fr\/product\/lila-bath-shower-set-by-akuaplus\/","title":{"rendered":"Ensemble bain-douche LILA akuaplus\u00ae"},"content":{"rendered":"<p>L\u2019ensemble bain-douche LILA \u00e0 pression \u00e9quilibr\u00e9e akuaplus\u00ae est con\u00e7u pour offrir s\u00e9curit\u00e9, performance et polyvalence dans les installations r\u00e9sidentielles modernes. La valve de douche, fabriqu\u00e9e en laiton, acier inoxydable et zinc, est \u00e9quip\u00e9e d\u2019une cartouche \u00e0 pression \u00e9quilibr\u00e9e permettant de maintenir une temp\u00e9rature d\u2019eau constante et de r\u00e9duire les variations soudaines de pression. Elle comprend 1 poign\u00e9e pour un contr\u00f4le pr\u00e9cis du d\u00e9bit et de la temp\u00e9rature. L\u2019entr\u00e9e d\u2019eau est compatible avec une connexion PEX 1\/2 po et int\u00e8gre une soupape d\u2019arr\u00eat assurant une installation fiable et s\u00e9curitaire. Le syst\u00e8me combo comprend un s\u00e9lecteur 3 voies permettant d\u2019utiliser le pommeau, la douchette ou les deux simultan\u00e9ment. Le pommeau et la douchette en ABS offrent chacun 5 r\u00e9glages et sont install\u00e9s sur un bras flexible r\u00e9glable \u00e0 360\u00b0. Les buses anti-calcaire faciles \u00e0 nettoyer simplifient l\u2019entretien. Un support \u00e0 douchette en ABS est inclus, ainsi qu\u2019un boyau flexible de 59\u00a0po (1,5\u00a0m) en acier inoxydable \u00e0 double agrafage avec raccords en laiton assurant durabilit\u00e9 et r\u00e9sistance \u00e0 la corrosion. Le bras de douche en laiton de 6 po (15,24 cm) avec bride est inclus. Le d\u00e9bit maximal est de 9,5 L\/min (2,5 gal US\/min). Le bec de bain en zinc \u00e0 glissement de 5 3\/8 po (13,7 cm) est muni d\u2019un d\u00e9viateur 2 voies permettant de diriger l\u2019eau vers le syst\u00e8me de douche ou vers le bain. Con\u00e7u pour les applications r\u00e9sidentielles, cet ensemble est certifi\u00e9 cUPC, garantissant sa conformit\u00e9 aux normes nord-am\u00e9ricaines de plomberie.<\/p>","protected":false},"excerpt":{"rendered":"<p>Ensemble bain-douche akuaplus\u00ae LILA avec valve \u00e0 pression \u00e9quilibr\u00e9e, syst\u00e8me de douche flexible, pommeau et douchette \u00e0 5 r\u00e9glages, et bec de bain rond \u00e0 glissement au fini chrome.<\/p>","protected":false},"featured_media":86831,"comment_status":"closed","ping_status":"open","template":"","meta":{"_acf_changed":false},"product_brand":[69594],"product_cat":[65931],"product_tag":[],"class_list":{"0":"post-86829","1":"product","2":"type-product","3":"status-publish","4":"has-post-thumbnail","6":"product_brand-akuaplus","7":"product_cat-pressure-balance-bath-shower-kits","8":"pa_cartridge-pressure-balance","9":"pa_collection-lila","10":"pa_finish-chrome-finish","11":"pa_fittings-threaded-1-2","12":"pa_flow-9-5-l-min-2-5-us-gal-min","14":"first","15":"instock","16":"taxable","17":"shipping-taxable","18":"purchasable","19":"product-type-simple"},"acf":[],"_links":{"self":[{"href":"https:\/\/dimex360.com\/fr\/wp-json\/wp\/v2\/product\/86829","targetHints":{"allow":["GET"]}}],"collection":[{"href":"https:\/\/dimex360.com\/fr\/wp-json\/wp\/v2\/product"}],"about":[{"href":"https:\/\/dimex360.com\/fr\/wp-json\/wp\/v2\/types\/product"}],"replies":[{"embeddable":true,"href":"https:\/\/dimex360.com\/fr\/wp-json\/wp\/v2\/comments?post=86829"}],"wp:featuredmedia":[{"embeddable":true,"href":"https:\/\/dimex360.com\/fr\/wp-json\/wp\/v2\/media\/86831"}],"wp:attachment":[{"href":"https:\/\/dimex360.com\/fr\/wp-json\/wp\/v2\/media?parent=86829"}],"wp:term":[{"taxonomy":"product_brand","embeddable":true,"href":"https:\/\/dimex360.com\/fr\/wp-json\/wp\/v2\/product_brand?post=86829"},{"taxonomy":"product_cat","embeddable":true,"href":"https:\/\/dimex360.com\/fr\/wp-json\/wp\/v2\/product_cat?post=86829"},{"taxonomy":"product_tag","embeddable":true,"href":"https:\/\/dimex360.com\/fr\/wp-json\/wp\/v2\/product_tag?post=86829"}],"curies":[{"name":"wp","href":"https:\/\/api.w.org\/{rel}","templated":true}]}}