{"id":86849,"date":"2026-04-15T16:40:35","date_gmt":"2026-04-15T20:40:35","guid":{"rendered":"https:\/\/dimex360.com\/product\/lila-shower-set-by-akuaplus\/"},"modified":"2026-04-15T16:41:30","modified_gmt":"2026-04-15T20:41:30","slug":"ensemble-de-douche-lila-par-akuaplus","status":"publish","type":"product","link":"https:\/\/dimex360.com\/fr\/product\/lila-shower-set-by-akuaplus\/","title":{"rendered":"Ensemble de douche \u00e0 pression \u00e9quilibr\u00e9e LILA akuaplus\u00ae"},"content":{"rendered":"<p>L\u2019ensemble de douche \u00e0 pression \u00e9quilibr\u00e9e LILA par akuaplus\u00ae est con\u00e7u pour offrir performance, stabilit\u00e9 et polyvalence dans les installations r\u00e9sidentielles modernes. La valve de douche, fabriqu\u00e9e en laiton, acier inoxydable et zinc, est \u00e9quip\u00e9e d\u2019une cartouche \u00e0 pression \u00e9quilibr\u00e9e assurant une temp\u00e9rature d\u2019eau constante et r\u00e9duisant les variations soudaines de pression. Elle comprend 1 poign\u00e9e pour un contr\u00f4le pr\u00e9cis du d\u00e9bit et de la temp\u00e9rature. L\u2019entr\u00e9e d\u2019eau est compatible avec une connexion PEX 1\/2 po et comprend une soupape d\u2019arr\u00eat int\u00e9gr\u00e9e pour une installation fiable et s\u00e9curitaire. Le syst\u00e8me est muni d\u2019un combo avec s\u00e9lecteur 3 voies permettant d\u2019utiliser le pommeau, la douchette ou les deux simultan\u00e9ment. Le pommeau et la douchette \u00e0 5 r\u00e9glages en ABS sont install\u00e9s sur un bras flexible et ajustable \u00e0 360\u00b0, offrant une grande libert\u00e9 de mouvement. Les buses anti-calcaire faciles \u00e0 nettoyer assurent un entretien simplifi\u00e9 et une performance durable. L\u2019ensemble comprend \u00e9galement un support \u00e0 douchette en ABS, un boyau flexible de 59\u00a0po (1,5\u00a0m) en acier inoxydable \u00e0 double agrafage avec raccords en laiton, ainsi qu\u2019un bras de douche en laiton de 6 po (15,24 cm) avec bride pour une installation murale solide. Le bec de bain \u00e0 glissement en zinc est muni d\u2019un d\u00e9viateur 2 voies et mesure 5 3\/8 po (13,7 cm), permettant une installation simple sur un tuyau en cuivre standard. Le d\u00e9bit maximal est de 9,5 L\/min (2,5 gal US\/min). Con\u00e7u pour les applications r\u00e9sidentielles, cet ensemble est certifi\u00e9 cUPC, garantissant sa conformit\u00e9 aux normes nord-am\u00e9ricaines de plomberie.<\/p>","protected":false},"excerpt":{"rendered":"<p>Ensemble de douche akuaplus\u00ae LILA avec valve \u00e0 pression \u00e9quilibr\u00e9e, syst\u00e8me de douche flexible, pommeau et douchette \u00e0 5 r\u00e9glages, et boyau flexible en acier inoxydable au fini noir mat.<\/p>","protected":false},"featured_media":86851,"comment_status":"closed","ping_status":"open","template":"","meta":{"_acf_changed":false},"product_brand":[69594],"product_cat":[65933],"product_tag":[],"class_list":{"0":"post-86849","1":"product","2":"type-product","3":"status-publish","4":"has-post-thumbnail","6":"product_brand-akuaplus","7":"product_cat-pressure-balance-shower-kits","8":"pa_cartridge-pressure-balance","9":"pa_collection-lila","10":"pa_finish-matte-black-finish","11":"pa_fittings-threaded-1-2","12":"pa_flow-9-5-l-min-2-5-us-gal-min","14":"first","15":"instock","16":"taxable","17":"shipping-taxable","18":"purchasable","19":"product-type-simple"},"acf":[],"_links":{"self":[{"href":"https:\/\/dimex360.com\/fr\/wp-json\/wp\/v2\/product\/86849","targetHints":{"allow":["GET"]}}],"collection":[{"href":"https:\/\/dimex360.com\/fr\/wp-json\/wp\/v2\/product"}],"about":[{"href":"https:\/\/dimex360.com\/fr\/wp-json\/wp\/v2\/types\/product"}],"replies":[{"embeddable":true,"href":"https:\/\/dimex360.com\/fr\/wp-json\/wp\/v2\/comments?post=86849"}],"wp:featuredmedia":[{"embeddable":true,"href":"https:\/\/dimex360.com\/fr\/wp-json\/wp\/v2\/media\/86851"}],"wp:attachment":[{"href":"https:\/\/dimex360.com\/fr\/wp-json\/wp\/v2\/media?parent=86849"}],"wp:term":[{"taxonomy":"product_brand","embeddable":true,"href":"https:\/\/dimex360.com\/fr\/wp-json\/wp\/v2\/product_brand?post=86849"},{"taxonomy":"product_cat","embeddable":true,"href":"https:\/\/dimex360.com\/fr\/wp-json\/wp\/v2\/product_cat?post=86849"},{"taxonomy":"product_tag","embeddable":true,"href":"https:\/\/dimex360.com\/fr\/wp-json\/wp\/v2\/product_tag?post=86849"}],"curies":[{"name":"wp","href":"https:\/\/api.w.org\/{rel}","templated":true}]}}