{"id":86928,"date":"2026-04-15T16:40:35","date_gmt":"2026-04-15T20:40:35","guid":{"rendered":"https:\/\/dimex360.com\/product\/vera-pressure-balance-magnetic-bath-shower-set-by-akuaplus-2\/"},"modified":"2026-04-15T16:41:31","modified_gmt":"2026-04-15T20:41:31","slug":"ensemble-de-douche-et-bain-magnetique-a-pression-equilibree-vera-par-akuaplus-2","status":"publish","type":"product","link":"https:\/\/dimex360.com\/fr\/product\/vera-pressure-balance-magnetic-bath-shower-set-by-akuaplus-2\/","title":{"rendered":"Ensemble bain-douche VERA akuaplus\u00ae"},"content":{"rendered":"<p>L\u2019ensemble bain-douche magn\u00e9tique \u00e0 pression \u00e9quilibr\u00e9e VERA par akuaplus\u00ae est con\u00e7u pour offrir s\u00e9curit\u00e9, innovation et performance dans les installations r\u00e9sidentielles modernes. La valve de douche, fabriqu\u00e9e en laiton, acier inoxydable et zinc, est munie d\u2019une cartouche \u00e0 pression \u00e9quilibr\u00e9e permettant de maintenir une temp\u00e9rature d\u2019eau constante tout en r\u00e9duisant les variations soudaines de pression. Elle comprend 1 poign\u00e9e pour un contr\u00f4le pr\u00e9cis du d\u00e9bit et de la temp\u00e9rature. L\u2019entr\u00e9e d\u2019eau est compatible avec une connexion PEX 1\/2 po et int\u00e8gre une soupape d\u2019arr\u00eat assurant une installation fiable et s\u00e9curitaire. Le syst\u00e8me combo comprend une douchette magn\u00e9tique en ABS \u00e0 3 r\u00e9glages activ\u00e9s par bouton poussoir, qui commande un pommeau de douche pivotant en ABS de 7 3\/8 po (18,7 cm). Les buses anti-calcaire faciles \u00e0 nettoyer facilitent l\u2019entretien et assurent une performance durable. Le boyau flexible de 59\u00a0po (1,5\u00a0m) en acier inoxydable \u00e0 double agrafage avec raccords en laiton offre robustesse, flexibilit\u00e9 et r\u00e9sistance \u00e0 la corrosion. Un bras de douche en laiton de 6 po (15,24 cm) avec bride est inclus. Le d\u00e9bit maximal est de 9,5 L\/min (2,5 gal US\/min). Le bec de bain en zinc \u00e0 glissement de 5 3\/8 po (13,7 cm) est muni d\u2019un d\u00e9viateur 2 voies permettant de diriger l\u2019eau vers la douche ou le bain. Con\u00e7u pour les applications r\u00e9sidentielles, cet ensemble est certifi\u00e9 cUPC, garantissant sa conformit\u00e9 aux normes nord-am\u00e9ricaines de plomberie.<\/p>","protected":false},"excerpt":{"rendered":"<p>Ensemble bain-douche akuaplus\u00ae VERA avec valve \u00e0 pression \u00e9quilibr\u00e9e, douchette magn\u00e9tique \u00e0 3 r\u00e9glages, pommeau pivotant de 7 3\/8 pouces (18,7 cm) et bec de bain rond \u00e0 glissement au fini chrome.<\/p>","protected":false},"featured_media":86930,"comment_status":"closed","ping_status":"open","template":"","meta":{"_acf_changed":false},"product_brand":[69594],"product_cat":[65931],"product_tag":[],"class_list":{"0":"post-86928","1":"product","2":"type-product","3":"status-publish","4":"has-post-thumbnail","6":"product_brand-akuaplus","7":"product_cat-pressure-balance-bath-shower-kits","8":"pa_cartridge-pressure-balance","9":"pa_collection-vera","10":"pa_finish-chrome-finish","11":"pa_fittings-threaded-1-2","12":"pa_flow-9-5-l-min-2-5-us-gal-min","14":"first","15":"instock","16":"taxable","17":"shipping-taxable","18":"purchasable","19":"product-type-simple"},"acf":[],"_links":{"self":[{"href":"https:\/\/dimex360.com\/fr\/wp-json\/wp\/v2\/product\/86928","targetHints":{"allow":["GET"]}}],"collection":[{"href":"https:\/\/dimex360.com\/fr\/wp-json\/wp\/v2\/product"}],"about":[{"href":"https:\/\/dimex360.com\/fr\/wp-json\/wp\/v2\/types\/product"}],"replies":[{"embeddable":true,"href":"https:\/\/dimex360.com\/fr\/wp-json\/wp\/v2\/comments?post=86928"}],"wp:featuredmedia":[{"embeddable":true,"href":"https:\/\/dimex360.com\/fr\/wp-json\/wp\/v2\/media\/86930"}],"wp:attachment":[{"href":"https:\/\/dimex360.com\/fr\/wp-json\/wp\/v2\/media?parent=86928"}],"wp:term":[{"taxonomy":"product_brand","embeddable":true,"href":"https:\/\/dimex360.com\/fr\/wp-json\/wp\/v2\/product_brand?post=86928"},{"taxonomy":"product_cat","embeddable":true,"href":"https:\/\/dimex360.com\/fr\/wp-json\/wp\/v2\/product_cat?post=86928"},{"taxonomy":"product_tag","embeddable":true,"href":"https:\/\/dimex360.com\/fr\/wp-json\/wp\/v2\/product_tag?post=86928"}],"curies":[{"name":"wp","href":"https:\/\/api.w.org\/{rel}","templated":true}]}}