{"id":87005,"date":"2026-04-05T14:07:46","date_gmt":"2026-04-05T18:07:46","guid":{"rendered":"https:\/\/dimex360.com\/product\/pressure-balance-bath-shower-set-by-akuaplus\/"},"modified":"2026-04-05T14:07:50","modified_gmt":"2026-04-05T18:07:50","slug":"ensemble-de-douche-et-bain-a-pression-equilibree-par-akuaplus","status":"publish","type":"product","link":"https:\/\/dimex360.com\/fr\/product\/pressure-balance-bath-shower-set-by-akuaplus\/","title":{"rendered":"Ensemble bain-douche \u00e0 pression \u00e9quilibr\u00e9e par akuaplus\u00ae"},"content":{"rendered":"<p>L\u2019ensemble bain-douche \u00e0 pression \u00e9quilibr\u00e9e EMELIA par akuaplus\u00ae est con\u00e7u pour offrir s\u00e9curit\u00e9, fonctionnalit\u00e9 et performance dans les installations r\u00e9sidentielles modernes. La valve de douche, fabriqu\u00e9e en laiton, acier inoxydable et zinc, est \u00e9quip\u00e9e d\u2019une cartouche \u00e0 pression \u00e9quilibr\u00e9e permettant de maintenir une temp\u00e9rature d\u2019eau constante tout en r\u00e9duisant les variations soudaines de pression. Elle comprend 1 poign\u00e9e pour un contr\u00f4le pr\u00e9cis du d\u00e9bit et de la temp\u00e9rature. L\u2019entr\u00e9e d\u2019eau est compatible avec une connexion PEX 1\/2 po et int\u00e8gre une soupape d\u2019arr\u00eat assurant une installation fiable et s\u00e9curitaire. L\u2019ensemble comprend une barre murale ajustable en acier inoxydable de 28 3\/8 po (72 cm), munie d\u2019un support \u00e0 douchette et d\u2019un porte-savon ajustables en ABS. La douchette en ABS offre 9 r\u00e9glages et est dot\u00e9e de buses anti-calcaire faciles \u00e0 nettoyer pour un entretien simplifi\u00e9. Le boyau flexible de 59\u00a0po (1,5\u00a0m) en acier inoxydable \u00e0 double agrafage avec raccords en laiton assure durabilit\u00e9 et r\u00e9sistance \u00e0 la corrosion. Un bras de douche en laiton de 6 po (15,24 cm) avec bride est inclus. Le d\u00e9bit maximal est de 9,5 L\/min (2,5 gal US\/min). Le bec de bain en zinc \u00e0 glissement de 5 3\/8 po (13,7 cm) est muni d\u2019un d\u00e9viateur 2 voies permettant de diriger l\u2019eau vers la douchette ou le bain. Con\u00e7u pour les applications r\u00e9sidentielles, cet ensemble est certifi\u00e9 cUPC, garantissant sa conformit\u00e9 aux normes nord-am\u00e9ricaines de plomberie.<\/p>","protected":false},"excerpt":{"rendered":"<p>Ensemble bain-douche akuaplus\u00ae EMELIA avec valve \u00e0 pression \u00e9quilibr\u00e9e, douchette \u00e0 9 r\u00e9glages, barre murale r\u00e9glable de 28-3\/8 pouces, et bec de bain rond \u00e0 glissement au fini chrome.<\/p>","protected":false},"featured_media":87007,"comment_status":"closed","ping_status":"open","template":"","meta":{"_acf_changed":false},"product_brand":[69594],"product_cat":[65931],"product_tag":[],"class_list":{"0":"post-87005","1":"product","2":"type-product","3":"status-publish","4":"has-post-thumbnail","6":"product_brand-akuaplus","7":"product_cat-pressure-balance-bath-shower-kits","8":"pa_cartridge-pressure-balance","9":"pa_finish-chrome-finish","10":"pa_fittings-threaded-1-2","11":"pa_flow-9-5-l-min-2-5-us-gal-min","13":"first","14":"instock","15":"taxable","16":"shipping-taxable","17":"purchasable","18":"product-type-simple"},"acf":[],"_links":{"self":[{"href":"https:\/\/dimex360.com\/fr\/wp-json\/wp\/v2\/product\/87005","targetHints":{"allow":["GET"]}}],"collection":[{"href":"https:\/\/dimex360.com\/fr\/wp-json\/wp\/v2\/product"}],"about":[{"href":"https:\/\/dimex360.com\/fr\/wp-json\/wp\/v2\/types\/product"}],"replies":[{"embeddable":true,"href":"https:\/\/dimex360.com\/fr\/wp-json\/wp\/v2\/comments?post=87005"}],"wp:featuredmedia":[{"embeddable":true,"href":"https:\/\/dimex360.com\/fr\/wp-json\/wp\/v2\/media\/87007"}],"wp:attachment":[{"href":"https:\/\/dimex360.com\/fr\/wp-json\/wp\/v2\/media?parent=87005"}],"wp:term":[{"taxonomy":"product_brand","embeddable":true,"href":"https:\/\/dimex360.com\/fr\/wp-json\/wp\/v2\/product_brand?post=87005"},{"taxonomy":"product_cat","embeddable":true,"href":"https:\/\/dimex360.com\/fr\/wp-json\/wp\/v2\/product_cat?post=87005"},{"taxonomy":"product_tag","embeddable":true,"href":"https:\/\/dimex360.com\/fr\/wp-json\/wp\/v2\/product_tag?post=87005"}],"curies":[{"name":"wp","href":"https:\/\/api.w.org\/{rel}","templated":true}]}}