{"id":87308,"date":"2026-04-03T06:49:15","date_gmt":"2026-04-03T10:49:15","guid":{"rendered":"https:\/\/dimex360.com\/product\/layla-flush-mount-shower-niche-with-3-shelves-made-of-304-stainless-steel-by-akuaplus\/"},"modified":"2026-04-03T06:50:05","modified_gmt":"2026-04-03T10:50:05","slug":"niche-de-douche-encastree-layla-avec-3-etageres-en-acier-inoxydable-304-par-akuaplus","status":"publish","type":"product","link":"https:\/\/dimex360.com\/fr\/product\/layla-flush-mount-shower-niche-with-3-shelves-made-of-304-stainless-steel-by-akuaplus\/","title":{"rendered":"Niche de douche encastr\u00e9e LAYLA \u00e0 3 tablettes fait d'acier inoxydable 304 par akuaplus\u00ae"},"content":{"rendered":"<p>La niche de douche encastr\u00e9e LAYLA par akuaplus\u00ae est fabriqu\u00e9e en acier inoxydable 304 de calibre 18, offrant une excellente r\u00e9sistance \u00e0 la corrosion et une durabilit\u00e9 sup\u00e9rieure pour les installations r\u00e9sidentielles. D\u2019une profondeur de 4 po (10,2 cm), elle est offerte en plusieurs grandeurs afin de s\u2019adapter \u00e0 diff\u00e9rentes configurations de salle de bain. Elle constitue une solution id\u00e9ale comme niche de douche encastr\u00e9e en inox, niche murale moderne ou \u00e9tag\u00e8re murale pour salle de bain. Disponible en noir mat avec peinture \u00e9lectrostatique cuite au four ou en fini inox bross\u00e9, elle pr\u00e9sente des coins arrondis de 3\/8 po (1 cm) de rayon, assurant un rendu \u00e9pur\u00e9 et s\u00e9curitaire. Sa pente l\u00e9g\u00e8re int\u00e9gr\u00e9e favorise l\u2019\u00e9coulement de l\u2019eau. Enti\u00e8rement \u00e9tanche, elle est facile \u00e0 nettoyer et simple \u00e0 installer. Elle peut \u00eatre install\u00e9e horizontalement ou verticalement, avec 1 ou 2 tablettes selon la configuration choisie. Con\u00e7ue pour s\u2019installer par-dessus le rev\u00eatement mural existant, elle ne n\u00e9cessite aucun carrelage suppl\u00e9mentaire. Cette niche est certifi\u00e9e cUPC, assurant sa conformit\u00e9 aux normes nord-am\u00e9ricaines de plomberie.<\/p>","protected":false},"excerpt":{"rendered":"<p>Niche de douche encastr\u00e9e LAYLA \u00e0 3 tablettes en acier inoxydable 304 de calibre 18, fini noir mat, 8 po x 36 po x 4 po (20,3 x 91,4 x 10,2 cm), enti\u00e8rement \u00e9tanche et certifi\u00e9e cUPC.<\/p>","protected":false},"featured_media":87310,"comment_status":"closed","ping_status":"open","template":"","meta":{"_acf_changed":false},"product_brand":[69594],"product_cat":[478],"product_tag":[],"class_list":{"0":"post-87308","1":"product","2":"type-product","3":"status-publish","4":"has-post-thumbnail","6":"product_brand-akuaplus","7":"product_cat-shower-niches","8":"pa_depth-70340","9":"pa_finish-matte-black-finish","10":"pa_height-70344","11":"pa_installation-type-flush-mount","12":"pa_width-70345","14":"first","15":"instock","16":"taxable","17":"shipping-taxable","18":"purchasable","19":"product-type-simple"},"acf":[],"_links":{"self":[{"href":"https:\/\/dimex360.com\/fr\/wp-json\/wp\/v2\/product\/87308","targetHints":{"allow":["GET"]}}],"collection":[{"href":"https:\/\/dimex360.com\/fr\/wp-json\/wp\/v2\/product"}],"about":[{"href":"https:\/\/dimex360.com\/fr\/wp-json\/wp\/v2\/types\/product"}],"replies":[{"embeddable":true,"href":"https:\/\/dimex360.com\/fr\/wp-json\/wp\/v2\/comments?post=87308"}],"wp:featuredmedia":[{"embeddable":true,"href":"https:\/\/dimex360.com\/fr\/wp-json\/wp\/v2\/media\/87310"}],"wp:attachment":[{"href":"https:\/\/dimex360.com\/fr\/wp-json\/wp\/v2\/media?parent=87308"}],"wp:term":[{"taxonomy":"product_brand","embeddable":true,"href":"https:\/\/dimex360.com\/fr\/wp-json\/wp\/v2\/product_brand?post=87308"},{"taxonomy":"product_cat","embeddable":true,"href":"https:\/\/dimex360.com\/fr\/wp-json\/wp\/v2\/product_cat?post=87308"},{"taxonomy":"product_tag","embeddable":true,"href":"https:\/\/dimex360.com\/fr\/wp-json\/wp\/v2\/product_tag?post=87308"}],"curies":[{"name":"wp","href":"https:\/\/api.w.org\/{rel}","templated":true}]}}