{"id":87377,"date":"2026-04-05T14:10:30","date_gmt":"2026-04-05T18:10:30","guid":{"rendered":"https:\/\/dimex360.com\/product\/4-inch-matte-black-deck-plate-by-akuaplus\/"},"modified":"2026-04-05T14:10:31","modified_gmt":"2026-04-05T18:10:31","slug":"plaque-de-pont-noire-mate-de-4-pouces-par-akuaplus","status":"publish","type":"product","link":"https:\/\/dimex360.com\/fr\/product\/4-inch-matte-black-deck-plate-by-akuaplus\/","title":{"rendered":"Plaque de finition 4 pouces centre akuaplus\u00ae"},"content":{"rendered":"<p>La plaque de finition akuaplus\u00ae est fabriqu\u00e9e en acier inoxydable, assurant durabilit\u00e9 ainsi qu\u2019une excellente r\u00e9sistance \u00e0 la rouille et \u00e0 la corrosion. Mesurant 156 mm \u00d7 61 mm (6 1\/8 po \u00d7 2 3\/8 po) avec une \u00e9paisseur de 5 mm (3\/16 po), elle est con\u00e7ue pour couvrir les lavabos \u00e0 3 trous afin de permettre l\u2019installation d\u2019un robinet monotrou. Le diam\u00e8tre du trou central est de 35 mm (1 3\/8 po), offrant une compatibilit\u00e9 avec la majorit\u00e9 des robinets monotrous standards. La plaque est livr\u00e9e avec un sous-coussin en mousse \u00e9paisse, assurant une installation stable et une meilleure \u00e9tanch\u00e9it\u00e9 entre le robinet et la surface du lavabo. Sa conception \u00e9pur\u00e9e et discr\u00e8te s\u2019int\u00e8gre harmonieusement aux salles de bain contemporaines.<\/p>","protected":false},"excerpt":{"rendered":"<p>Plaque de finition de 4 pouces pour robinet monotrou au fini noir mat.<\/p>","protected":false},"featured_media":87379,"comment_status":"closed","ping_status":"open","template":"","meta":{"_acf_changed":false},"product_brand":[69594],"product_cat":[69738,65927],"product_tag":[],"class_list":{"0":"post-87377","1":"product","2":"type-product","3":"status-publish","4":"has-post-thumbnail","6":"product_brand-akuaplus","7":"product_cat-other-bathroom-parts","8":"product_cat-parts","9":"pa_depth-2-3-8-61-mm","10":"pa_diameter-1-3-8-po-35-mm","11":"pa_finish-matte-black-finish","12":"pa_thickness-3-16-5-mm","13":"pa_width-6-1-8-156-mm","15":"first","16":"instock","17":"taxable","18":"shipping-taxable","19":"purchasable","20":"product-type-simple"},"acf":[],"_links":{"self":[{"href":"https:\/\/dimex360.com\/fr\/wp-json\/wp\/v2\/product\/87377","targetHints":{"allow":["GET"]}}],"collection":[{"href":"https:\/\/dimex360.com\/fr\/wp-json\/wp\/v2\/product"}],"about":[{"href":"https:\/\/dimex360.com\/fr\/wp-json\/wp\/v2\/types\/product"}],"replies":[{"embeddable":true,"href":"https:\/\/dimex360.com\/fr\/wp-json\/wp\/v2\/comments?post=87377"}],"wp:featuredmedia":[{"embeddable":true,"href":"https:\/\/dimex360.com\/fr\/wp-json\/wp\/v2\/media\/87379"}],"wp:attachment":[{"href":"https:\/\/dimex360.com\/fr\/wp-json\/wp\/v2\/media?parent=87377"}],"wp:term":[{"taxonomy":"product_brand","embeddable":true,"href":"https:\/\/dimex360.com\/fr\/wp-json\/wp\/v2\/product_brand?post=87377"},{"taxonomy":"product_cat","embeddable":true,"href":"https:\/\/dimex360.com\/fr\/wp-json\/wp\/v2\/product_cat?post=87377"},{"taxonomy":"product_tag","embeddable":true,"href":"https:\/\/dimex360.com\/fr\/wp-json\/wp\/v2\/product_tag?post=87377"}],"curies":[{"name":"wp","href":"https:\/\/api.w.org\/{rel}","templated":true}]}}