{"id":87477,"date":"2026-04-05T14:11:35","date_gmt":"2026-04-05T18:11:35","guid":{"rendered":"https:\/\/dimex360.com\/product\/3-hole-bathtub-faucet-with-hand-shower-2\/"},"modified":"2026-04-05T14:11:36","modified_gmt":"2026-04-05T18:11:36","slug":"robinet-de-baignoire-a-3-trous-avec-douchette-2","status":"publish","type":"product","link":"https:\/\/dimex360.com\/fr\/product\/3-hole-bathtub-faucet-with-hand-shower-2\/","title":{"rendered":"Robinet de baignoire 3 trous avec douchette"},"content":{"rendered":"<p>Robinet de baignoire 3 trous avec douchette, fabriqu\u00e9 en laiton. L\u2019ensemble comprend trois pi\u00e8ces pour installation en surface, une poign\u00e9e en zinc, une cartouche en c\u00e9ramique et un d\u00e9viateur 2 voies permettant l\u2019alternance entre le bec de baignoire et la douchette. La douchette \u00e0 main \u00e0 1 r\u00e9glage est fournie avec son raccord et offre un d\u00e9bit de 9,5 L\/min (2,5 gal US\/min). Le bec de baignoire permet un d\u00e9bit \u00e9lev\u00e9 de 20 L\/min (5,28 gal US\/min) pour un remplissage rapide de la baignoire. Les conduits d\u2019alimentation en eau sont inclus. Certifi\u00e9 cUPC.<\/p>","protected":false},"excerpt":{"rendered":"<p>Robinet de baignoire 3 trous avec douchette au fini chrome poli, corps en laiton, cartouche en c\u00e9ramique, d\u00e9viateur 2 voies.<\/p>","protected":false},"featured_media":87479,"comment_status":"closed","ping_status":"open","template":"","meta":{"_acf_changed":false},"product_brand":[70206],"product_cat":[458],"product_tag":[],"class_list":{"0":"post-87477","1":"product","2":"type-product","3":"status-publish","4":"has-post-thumbnail","6":"product_brand-invention-maison","7":"product_cat-bathtub-faucets","8":"pa_cartridge-ceramic","9":"pa_finish-chrome-finish","10":"pa_fittings-threaded-1-2","11":"pa_flow-9-5-l-min-2-5-us-gal-min-tub-spout-20-l-min-5-28-us-gal-min","12":"pa_installation-type-3-hole-deck-mounted","14":"first","15":"instock","16":"taxable","17":"shipping-taxable","18":"purchasable","19":"product-type-simple"},"acf":[],"_links":{"self":[{"href":"https:\/\/dimex360.com\/fr\/wp-json\/wp\/v2\/product\/87477","targetHints":{"allow":["GET"]}}],"collection":[{"href":"https:\/\/dimex360.com\/fr\/wp-json\/wp\/v2\/product"}],"about":[{"href":"https:\/\/dimex360.com\/fr\/wp-json\/wp\/v2\/types\/product"}],"replies":[{"embeddable":true,"href":"https:\/\/dimex360.com\/fr\/wp-json\/wp\/v2\/comments?post=87477"}],"wp:featuredmedia":[{"embeddable":true,"href":"https:\/\/dimex360.com\/fr\/wp-json\/wp\/v2\/media\/87479"}],"wp:attachment":[{"href":"https:\/\/dimex360.com\/fr\/wp-json\/wp\/v2\/media?parent=87477"}],"wp:term":[{"taxonomy":"product_brand","embeddable":true,"href":"https:\/\/dimex360.com\/fr\/wp-json\/wp\/v2\/product_brand?post=87477"},{"taxonomy":"product_cat","embeddable":true,"href":"https:\/\/dimex360.com\/fr\/wp-json\/wp\/v2\/product_cat?post=87477"},{"taxonomy":"product_tag","embeddable":true,"href":"https:\/\/dimex360.com\/fr\/wp-json\/wp\/v2\/product_tag?post=87477"}],"curies":[{"name":"wp","href":"https:\/\/api.w.org\/{rel}","templated":true}]}}