{"id":87481,"date":"2026-04-05T14:11:35","date_gmt":"2026-04-05T18:11:35","guid":{"rendered":"https:\/\/dimex360.com\/product\/square-wall-mounted-bathtub-faucet-with-hand-shower\/"},"modified":"2026-04-05T14:11:45","modified_gmt":"2026-04-05T18:11:45","slug":"robinet-de-baignoire-mural-carre-avec-douchette","status":"publish","type":"product","link":"https:\/\/dimex360.com\/fr\/product\/square-wall-mounted-bathtub-faucet-with-hand-shower\/","title":{"rendered":"Robinet de baignoire mural carr\u00e9 avec douchette"},"content":{"rendered":"<p>Robinet de baignoire mural carr\u00e9 avec douchette, fabriqu\u00e9 en laiton. L\u2019ensemble comprend quatre pi\u00e8ces pour installation murale, deux poign\u00e9es en zinc, une cartouche en c\u00e9ramique et un d\u00e9viateur 2 voies permettant l\u2019alternance entre les fonctions. La douchette \u00e0 main \u00e0 1 r\u00e9glage est fournie avec son raccord et offre un d\u00e9bit de 9,5 L\/min (2,5 gal US\/min). Le bec de baignoire mural permet un d\u00e9bit \u00e9lev\u00e9 de 20 L\/min (5,28 gal US\/min) pour un remplissage rapide de la baignoire. Le robinet est \u00e9quip\u00e9 d\u2019un boyau de douche flexible de 59\u00a0po (1,5\u00a0m) en acier inoxydable avec raccords filet\u00e9s en laiton 1\/2 po. Les conduits d\u2019alimentation en eau sont inclus. Dimensions approximatives du robinet install\u00e9 (sans le boyau) : largeur totale d\u2019environ 380 mm (15 po) et hauteur visible d\u2019environ 825 mm (32 1\/2 po). Ces dimensions sont fournies \u00e0 titre indicatif pour faciliter la planification et la mise en situation visuelle.<\/p>","protected":false},"excerpt":{"rendered":"<p>Robinet de baignoire mural carr\u00e9 avec douchette au fini noir mat, corps en laiton, cartouche en c\u00e9ramique, d\u00e9viateur 2 voies.<\/p>","protected":false},"featured_media":87483,"comment_status":"closed","ping_status":"open","template":"","meta":{"_acf_changed":false},"product_brand":[70206],"product_cat":[70111],"product_tag":[],"class_list":{"0":"post-87481","1":"product","2":"type-product","3":"status-publish","4":"has-post-thumbnail","6":"product_brand-invention-maison","7":"product_cat-wall-mounted-bathtub-faucets","8":"pa_cartridge-ceramic","9":"pa_finish-matte-black-finish","10":"pa_fittings-threaded-1-2","11":"pa_flow-9-5-l-min-2-5-us-gal-min-tub-spout-20-l-min-5-28-us-gal-min","12":"pa_installation-type-wall-mounted","14":"first","15":"instock","16":"taxable","17":"shipping-taxable","18":"purchasable","19":"product-type-simple"},"acf":[],"_links":{"self":[{"href":"https:\/\/dimex360.com\/fr\/wp-json\/wp\/v2\/product\/87481","targetHints":{"allow":["GET"]}}],"collection":[{"href":"https:\/\/dimex360.com\/fr\/wp-json\/wp\/v2\/product"}],"about":[{"href":"https:\/\/dimex360.com\/fr\/wp-json\/wp\/v2\/types\/product"}],"replies":[{"embeddable":true,"href":"https:\/\/dimex360.com\/fr\/wp-json\/wp\/v2\/comments?post=87481"}],"wp:featuredmedia":[{"embeddable":true,"href":"https:\/\/dimex360.com\/fr\/wp-json\/wp\/v2\/media\/87483"}],"wp:attachment":[{"href":"https:\/\/dimex360.com\/fr\/wp-json\/wp\/v2\/media?parent=87481"}],"wp:term":[{"taxonomy":"product_brand","embeddable":true,"href":"https:\/\/dimex360.com\/fr\/wp-json\/wp\/v2\/product_brand?post=87481"},{"taxonomy":"product_cat","embeddable":true,"href":"https:\/\/dimex360.com\/fr\/wp-json\/wp\/v2\/product_cat?post=87481"},{"taxonomy":"product_tag","embeddable":true,"href":"https:\/\/dimex360.com\/fr\/wp-json\/wp\/v2\/product_tag?post=87481"}],"curies":[{"name":"wp","href":"https:\/\/api.w.org\/{rel}","templated":true}]}}