{"id":88178,"date":"2026-04-15T16:43:00","date_gmt":"2026-04-15T20:43:00","guid":{"rendered":"https:\/\/dimex360.com\/product\/pressure-balance-shower-set-by-akuaplus-10\/"},"modified":"2026-04-15T16:43:36","modified_gmt":"2026-04-15T20:43:36","slug":"ensemble-de-douche-a-pression-equilibree-par-akuaplus-10","status":"publish","type":"product","link":"https:\/\/dimex360.com\/fr\/product\/pressure-balance-shower-set-by-akuaplus-10\/","title":{"rendered":"Ensemble de douche \u00e0 pression \u00e9quilibr\u00e9e akuaplus\u00ae"},"content":{"rendered":"<p>L\u2019ensemble de douche \u00e0 pression \u00e9quilibr\u00e9e akuaplus\u00ae est con\u00e7u pour offrir performance, polyvalence et stabilit\u00e9 dans les installations r\u00e9sidentielles modernes. La valve de douche en laiton est \u00e9quip\u00e9e d\u2019une cartouche \u00e0 pression \u00e9quilibr\u00e9e assurant une temp\u00e9rature d\u2019eau constante et r\u00e9duisant les variations soudaines de pression. Elle comprend un d\u00e9viateur 3 voies permettant d\u2019utiliser le pommeau, la douchette ou les deux simultan\u00e9ment. La valve est munie d\u2019une soupape d\u2019arr\u00eat int\u00e9gr\u00e9e et de connexions femelle avec filetage 1\/2 po, compatibles avec les installations standards. L\u2019ensemble comprend un bras de douche pour plafond en laiton de 8 po (20,3 cm) avec bride pour une installation solide et s\u00e9curitaire. Le pommeau de douche de 9 po (22,86 cm) en ABS est pivotant et muni d\u2019une rotule en laiton permettant un ajustement pr\u00e9cis. Les buses anti-calcaire faciles \u00e0 nettoyer assurent un entretien simplifi\u00e9 et une performance durable. La barre de douche en acier inoxydable de 29 3\/4 po (75,5 cm) est \u00e9quip\u00e9e d\u2019un support \u00e0 douchette ajustable en ABS pour une configuration ergonomique. La douchette \u00e0 1 r\u00e9glage en ABS offre une utilisation simple et efficace. Le boyau flexible de 59\u00a0po (1,5\u00a0m) en acier inoxydable \u00e0 double agrafage avec raccords en laiton garantit robustesse et r\u00e9sistance \u00e0 la corrosion. Un raccord coud\u00e9 en laiton (m\u00e2le\/m\u00e2le, 1\/2 po) est inclus pour compl\u00e9ter l\u2019installation. Le d\u00e9bit maximal est de 9,5 L\/min (2,5 gal US\/min). Con\u00e7u pour les applications r\u00e9sidentielles, cet ensemble est certifi\u00e9 cUPC, garantissant sa conformit\u00e9 aux normes nord-am\u00e9ricaines de plomberie.<\/p>","protected":false},"excerpt":{"rendered":"<p>Ensemble de douche \u00e0 pression \u00e9quilibr\u00e9e au fini chrome.<\/p>","protected":false},"featured_media":88180,"comment_status":"closed","ping_status":"open","template":"","meta":{"_acf_changed":false},"product_brand":[69594],"product_cat":[65933],"product_tag":[],"class_list":{"0":"post-88178","1":"product","2":"type-product","3":"status-publish","4":"has-post-thumbnail","6":"product_brand-akuaplus","7":"product_cat-pressure-balance-shower-kits","8":"pa_cartridge-pressure-balance","9":"pa_finish-chrome-finish","10":"pa_fittings-threaded-1-2","11":"pa_flow-9-5-l-min-2-5-us-gal-min","13":"first","14":"instock","15":"taxable","16":"shipping-taxable","17":"purchasable","18":"product-type-simple"},"acf":[],"_links":{"self":[{"href":"https:\/\/dimex360.com\/fr\/wp-json\/wp\/v2\/product\/88178","targetHints":{"allow":["GET"]}}],"collection":[{"href":"https:\/\/dimex360.com\/fr\/wp-json\/wp\/v2\/product"}],"about":[{"href":"https:\/\/dimex360.com\/fr\/wp-json\/wp\/v2\/types\/product"}],"replies":[{"embeddable":true,"href":"https:\/\/dimex360.com\/fr\/wp-json\/wp\/v2\/comments?post=88178"}],"wp:featuredmedia":[{"embeddable":true,"href":"https:\/\/dimex360.com\/fr\/wp-json\/wp\/v2\/media\/88180"}],"wp:attachment":[{"href":"https:\/\/dimex360.com\/fr\/wp-json\/wp\/v2\/media?parent=88178"}],"wp:term":[{"taxonomy":"product_brand","embeddable":true,"href":"https:\/\/dimex360.com\/fr\/wp-json\/wp\/v2\/product_brand?post=88178"},{"taxonomy":"product_cat","embeddable":true,"href":"https:\/\/dimex360.com\/fr\/wp-json\/wp\/v2\/product_cat?post=88178"},{"taxonomy":"product_tag","embeddable":true,"href":"https:\/\/dimex360.com\/fr\/wp-json\/wp\/v2\/product_tag?post=88178"}],"curies":[{"name":"wp","href":"https:\/\/api.w.org\/{rel}","templated":true}]}}