{"id":88705,"date":"2026-04-05T14:17:06","date_gmt":"2026-04-05T18:17:06","guid":{"rendered":"https:\/\/dimex360.com\/product\/single-hole-faucet-for-vessel-sink-2\/"},"modified":"2026-04-05T14:17:11","modified_gmt":"2026-04-05T18:17:11","slug":"robinet-monotrou-pour-vasque-2","status":"publish","type":"product","link":"https:\/\/dimex360.com\/fr\/product\/single-hole-faucet-for-vessel-sink-2\/","title":{"rendered":"Robinet monotrou AKUALUX\u00ae pour lavabo vasque"},"content":{"rendered":"<p>Robinet monotrou pour vasque avec corps en laiton, poign\u00e9e en zinc et cartouche en c\u00e9ramique. Le d\u00e9bit est de 6,8 L\/min (1,8 gal US\/min) et r\u00e9pond aux normes d\u2019\u00e9conomie d\u2019eau. Les conduits d\u2019alimentation en eau sont inclus et la bonde de vidage est fournie. La plaque de finition pour lavabo 3 trous est vendue s\u00e9par\u00e9ment. Le robinet est certifi\u00e9 NSF et cUPC et est conforme aux exigences sans plomb (Pb-free).<\/p>","protected":false},"excerpt":{"rendered":"<p>Robinet monotrou pour vasque AKUALUX\u00ae au fini or champagne bross\u00e9, avec corps en laiton, poign\u00e9e en zinc et cartouche en c\u00e9ramique.<\/p>","protected":false},"featured_media":88707,"comment_status":"closed","ping_status":"open","template":"","meta":{"_acf_changed":false},"product_brand":[69598],"product_cat":[1266],"product_tag":[],"class_list":{"0":"post-88705","1":"product","2":"type-product","3":"status-publish","4":"has-post-thumbnail","6":"product_brand-akualux","7":"product_cat-single-hole-faucets","8":"pa_cartridge-ceramic","9":"pa_finish-brushed-champagne-gold","10":"pa_flow-6-81-l-min-1-8-us-gal-min","11":"pa_height-11-28-cm","12":"pa_installation-type-single-hole","13":"pa_width-1-5-8-4-2-cm","15":"first","16":"instock","17":"taxable","18":"shipping-taxable","19":"purchasable","20":"product-type-simple"},"acf":[],"_links":{"self":[{"href":"https:\/\/dimex360.com\/fr\/wp-json\/wp\/v2\/product\/88705","targetHints":{"allow":["GET"]}}],"collection":[{"href":"https:\/\/dimex360.com\/fr\/wp-json\/wp\/v2\/product"}],"about":[{"href":"https:\/\/dimex360.com\/fr\/wp-json\/wp\/v2\/types\/product"}],"replies":[{"embeddable":true,"href":"https:\/\/dimex360.com\/fr\/wp-json\/wp\/v2\/comments?post=88705"}],"wp:featuredmedia":[{"embeddable":true,"href":"https:\/\/dimex360.com\/fr\/wp-json\/wp\/v2\/media\/88707"}],"wp:attachment":[{"href":"https:\/\/dimex360.com\/fr\/wp-json\/wp\/v2\/media?parent=88705"}],"wp:term":[{"taxonomy":"product_brand","embeddable":true,"href":"https:\/\/dimex360.com\/fr\/wp-json\/wp\/v2\/product_brand?post=88705"},{"taxonomy":"product_cat","embeddable":true,"href":"https:\/\/dimex360.com\/fr\/wp-json\/wp\/v2\/product_cat?post=88705"},{"taxonomy":"product_tag","embeddable":true,"href":"https:\/\/dimex360.com\/fr\/wp-json\/wp\/v2\/product_tag?post=88705"}],"curies":[{"name":"wp","href":"https:\/\/api.w.org\/{rel}","templated":true}]}}