{"id":88721,"date":"2026-04-05T14:17:28","date_gmt":"2026-04-05T18:17:28","guid":{"rendered":"https:\/\/dimex360.com\/product\/single-hole-bathroom-faucet-2\/"},"modified":"2026-04-05T14:17:29","modified_gmt":"2026-04-05T18:17:29","slug":"robinet-de-salle-de-bain-monotrou-2","status":"publish","type":"product","link":"https:\/\/dimex360.com\/fr\/product\/single-hole-bathroom-faucet-2\/","title":{"rendered":"Robinet monotrou pour lavabo"},"content":{"rendered":"<p>Robinet monotrou pour lavabo avec corps en laiton et cartouche en c\u00e9ramique. Le robinet est muni d\u2019un levier unique permettant de contr\u00f4ler le d\u00e9bit d\u2019eau et le r\u00e9glage de la temp\u00e9rature. Con\u00e7u pour une installation monotrou sur lavabo ou vasque. Conduits d\u2019alimentation en eau inclus. Le d\u00e9bit est de 6,8 L\/min (1,8 gal US\/min). La bonde de vidage est vendue s\u00e9par\u00e9ment. La plaque de finition pour lavabo 3 trous est vendue s\u00e9par\u00e9ment. Dimensions : hauteur totale 189,5 mm (7,46 po), port\u00e9e du bec 123 mm (4,84 po), largeur du corps 42 mm (1,65 po). Hauteur sous le bec 130 mm (5,12 po). Diam\u00e8tre du trou d\u2019installation 33 \u00e0 38 mm. \u00c9paisseur maximale du comptoir 35 mm. Base de fixation de 53,8 mm (2,12 po).<\/p>","protected":false},"excerpt":{"rendered":"<p>Robinet monotrou pour lavabo au fini chrome poli, corps en laiton, cartouche en c\u00e9ramique.<\/p>","protected":false},"featured_media":88723,"comment_status":"closed","ping_status":"open","template":"","meta":{"_acf_changed":false},"product_brand":[70206],"product_cat":[1266],"product_tag":[],"class_list":{"0":"post-88721","1":"product","2":"type-product","3":"status-publish","4":"has-post-thumbnail","6":"product_brand-invention-maison","7":"product_cat-single-hole-faucets","8":"pa_cartridge-ceramic","9":"pa_finish-chrome-finish","10":"pa_installation-type-single-hole","12":"first","13":"instock","14":"taxable","15":"shipping-taxable","16":"purchasable","17":"product-type-simple"},"acf":[],"_links":{"self":[{"href":"https:\/\/dimex360.com\/fr\/wp-json\/wp\/v2\/product\/88721","targetHints":{"allow":["GET"]}}],"collection":[{"href":"https:\/\/dimex360.com\/fr\/wp-json\/wp\/v2\/product"}],"about":[{"href":"https:\/\/dimex360.com\/fr\/wp-json\/wp\/v2\/types\/product"}],"replies":[{"embeddable":true,"href":"https:\/\/dimex360.com\/fr\/wp-json\/wp\/v2\/comments?post=88721"}],"wp:featuredmedia":[{"embeddable":true,"href":"https:\/\/dimex360.com\/fr\/wp-json\/wp\/v2\/media\/88723"}],"wp:attachment":[{"href":"https:\/\/dimex360.com\/fr\/wp-json\/wp\/v2\/media?parent=88721"}],"wp:term":[{"taxonomy":"product_brand","embeddable":true,"href":"https:\/\/dimex360.com\/fr\/wp-json\/wp\/v2\/product_brand?post=88721"},{"taxonomy":"product_cat","embeddable":true,"href":"https:\/\/dimex360.com\/fr\/wp-json\/wp\/v2\/product_cat?post=88721"},{"taxonomy":"product_tag","embeddable":true,"href":"https:\/\/dimex360.com\/fr\/wp-json\/wp\/v2\/product_tag?post=88721"}],"curies":[{"name":"wp","href":"https:\/\/api.w.org\/{rel}","templated":true}]}}