{"id":88759,"date":"2026-04-05T14:17:43","date_gmt":"2026-04-05T18:17:43","guid":{"rendered":"https:\/\/dimex360.com\/product\/single-hole-lavatory-faucet-5\/"},"modified":"2026-04-05T14:17:50","modified_gmt":"2026-04-05T18:17:50","slug":"robinet-de-lavabo-monotrou-5","status":"publish","type":"product","link":"https:\/\/dimex360.com\/fr\/product\/single-hole-lavatory-faucet-5\/","title":{"rendered":"Robinet de lavabo monotrou akuaplus\u00ae"},"content":{"rendered":"<p>Robinet de lavabo monotrou fabriqu\u00e9 en laiton et muni d\u2019une cartouche en c\u00e9ramique. D\u00e9bit de 6,81 L\/min (1,8 gal US\/min) r\u00e9pondant aux normes d\u2019\u00e9conomie d\u2019eau. Conduits d\u2019alimentation en eau inclus. Bonde de vidage et plaque de finition pour lavabo 3 trous vendues s\u00e9par\u00e9ment. Certifi\u00e9 cUPC et NSF, conforme aux exigences sans plomb (Pb-free).<\/p>","protected":false},"excerpt":{"rendered":"<p>Robinet de lavabo monotrou rond fabriqu\u00e9 en laiton au fini chrome et noir mat.<\/p>","protected":false},"featured_media":88761,"comment_status":"closed","ping_status":"open","template":"","meta":{"_acf_changed":false},"product_brand":[69598],"product_cat":[1266],"product_tag":[],"class_list":{"0":"post-88759","1":"product","2":"type-product","3":"status-publish","4":"has-post-thumbnail","6":"product_brand-akualux","7":"product_cat-single-hole-faucets","8":"pa_cartridge-ceramic","9":"pa_finish-cpbl","10":"pa_flow-6-81-l-min-1-8-us-gal-min","11":"pa_installation-type-single-hole","13":"first","14":"instock","15":"taxable","16":"shipping-taxable","17":"purchasable","18":"product-type-simple"},"acf":[],"_links":{"self":[{"href":"https:\/\/dimex360.com\/fr\/wp-json\/wp\/v2\/product\/88759","targetHints":{"allow":["GET"]}}],"collection":[{"href":"https:\/\/dimex360.com\/fr\/wp-json\/wp\/v2\/product"}],"about":[{"href":"https:\/\/dimex360.com\/fr\/wp-json\/wp\/v2\/types\/product"}],"replies":[{"embeddable":true,"href":"https:\/\/dimex360.com\/fr\/wp-json\/wp\/v2\/comments?post=88759"}],"wp:featuredmedia":[{"embeddable":true,"href":"https:\/\/dimex360.com\/fr\/wp-json\/wp\/v2\/media\/88761"}],"wp:attachment":[{"href":"https:\/\/dimex360.com\/fr\/wp-json\/wp\/v2\/media?parent=88759"}],"wp:term":[{"taxonomy":"product_brand","embeddable":true,"href":"https:\/\/dimex360.com\/fr\/wp-json\/wp\/v2\/product_brand?post=88759"},{"taxonomy":"product_cat","embeddable":true,"href":"https:\/\/dimex360.com\/fr\/wp-json\/wp\/v2\/product_cat?post=88759"},{"taxonomy":"product_tag","embeddable":true,"href":"https:\/\/dimex360.com\/fr\/wp-json\/wp\/v2\/product_tag?post=88759"}],"curies":[{"name":"wp","href":"https:\/\/api.w.org\/{rel}","templated":true}]}}