{"id":88857,"date":"2026-04-05T14:18:33","date_gmt":"2026-04-05T18:18:33","guid":{"rendered":"https:\/\/dimex360.com\/product\/wall-mount-shower-arm-by-akuaplus-6\/"},"modified":"2026-04-05T14:18:34","modified_gmt":"2026-04-05T18:18:34","slug":"bras-de-douche-mural-par-akuaplus-6","status":"publish","type":"product","link":"https:\/\/dimex360.com\/fr\/product\/wall-mount-shower-arm-by-akuaplus-6\/","title":{"rendered":"Bras de douche mural 6 po akuaplus\u00ae"},"content":{"rendered":"<p>Le bras de douche mural akuaplus\u00ae est fabriqu\u00e9 en laiton durable avec une \u00e9l\u00e9gante finition noir mat. Mesurant 6 po (15,2 cm), il est dot\u00e9 de connexions filet\u00e9es de 1\/2 po, assurant une installation simple et compatible avec la majorit\u00e9 des pommeaux de douche standards. Con\u00e7u pour les applications r\u00e9sidentielles, ce bras de douche est certifi\u00e9 cUPC, garantissant sa conformit\u00e9 aux normes nord-am\u00e9ricaines de plomberie.<\/p>","protected":false},"excerpt":{"rendered":"<p>Bras de douche de 6 pouces (152 mm); fait en acier inoxydable au fini chrome.<\/p>","protected":false},"featured_media":88859,"comment_status":"closed","ping_status":"open","template":"","meta":{"_acf_changed":false},"product_brand":[69594],"product_cat":[65927,65992],"product_tag":[],"class_list":{"0":"post-88857","1":"product","2":"type-product","3":"status-publish","4":"has-post-thumbnail","6":"product_brand-akuaplus","7":"product_cat-parts","8":"product_cat-shower-arms","9":"pa_connexions-filetes-1-2-po","10":"pa_finish-chrome-finish","12":"first","13":"instock","14":"taxable","15":"shipping-taxable","16":"purchasable","17":"product-type-simple"},"acf":[],"_links":{"self":[{"href":"https:\/\/dimex360.com\/fr\/wp-json\/wp\/v2\/product\/88857","targetHints":{"allow":["GET"]}}],"collection":[{"href":"https:\/\/dimex360.com\/fr\/wp-json\/wp\/v2\/product"}],"about":[{"href":"https:\/\/dimex360.com\/fr\/wp-json\/wp\/v2\/types\/product"}],"replies":[{"embeddable":true,"href":"https:\/\/dimex360.com\/fr\/wp-json\/wp\/v2\/comments?post=88857"}],"wp:featuredmedia":[{"embeddable":true,"href":"https:\/\/dimex360.com\/fr\/wp-json\/wp\/v2\/media\/88859"}],"wp:attachment":[{"href":"https:\/\/dimex360.com\/fr\/wp-json\/wp\/v2\/media?parent=88857"}],"wp:term":[{"taxonomy":"product_brand","embeddable":true,"href":"https:\/\/dimex360.com\/fr\/wp-json\/wp\/v2\/product_brand?post=88857"},{"taxonomy":"product_cat","embeddable":true,"href":"https:\/\/dimex360.com\/fr\/wp-json\/wp\/v2\/product_cat?post=88857"},{"taxonomy":"product_tag","embeddable":true,"href":"https:\/\/dimex360.com\/fr\/wp-json\/wp\/v2\/product_tag?post=88857"}],"curies":[{"name":"wp","href":"https:\/\/api.w.org\/{rel}","templated":true}]}}