{"id":88982,"date":"2026-04-05T14:19:24","date_gmt":"2026-04-05T18:19:24","guid":{"rendered":"https:\/\/dimex360.com\/product\/5-setting-handheld-shower-set-by-akuaplus-2\/"},"modified":"2026-04-05T14:19:35","modified_gmt":"2026-04-05T18:19:35","slug":"ensemble-de-douche-a-main-5-jets-par-akuaplus-2","status":"publish","type":"product","link":"https:\/\/dimex360.com\/fr\/product\/5-setting-handheld-shower-set-by-akuaplus-2\/","title":{"rendered":"Ensemble de douchette \u00e0 5 r\u00e9glages akuaplus\u00ae"},"content":{"rendered":"<p>L\u2019ensemble de douchette akuaplus\u00ae comprend une douchette en ABS \u00e0 5 r\u00e9glages, munie de buses anti-calcaire faciles \u00e0 nettoyer pour une performance durable et un entretien simplifi\u00e9. Il inclut un bras de douche en laiton de 6 po (15,24 cm) avec bride, ainsi qu\u2019un support \u00e0 douchette en ABS assurant une installation stable et fonctionnelle. L\u2019ensemble est compl\u00e9t\u00e9 par un boyau flexible de 59\u00a0po (1,5\u00a0m) en acier inoxydable \u00e0 double agrafage avec raccords en laiton, garantissant robustesse et long\u00e9vit\u00e9. Il offre un d\u00e9bit maximal de 9,5 L\/min (2,5 gal US\/min). Con\u00e7u pour les applications r\u00e9sidentielles, cet ensemble est certifi\u00e9 cUPC, assurant sa conformit\u00e9 aux normes nord-am\u00e9ricaines de plomberie.<\/p>","protected":false},"excerpt":{"rendered":"<p>Douchette \u00e0 main en ABS avec 5 r\u00e9glages sur bras de douche mural en laiton de 6 pouces (15,24 cm) au fini noir mat.<\/p>","protected":false},"featured_media":88984,"comment_status":"closed","ping_status":"open","template":"","meta":{"_acf_changed":false},"product_brand":[69594],"product_cat":[66002],"product_tag":[],"class_list":{"0":"post-88982","1":"product","2":"type-product","3":"status-publish","4":"has-post-thumbnail","6":"product_brand-akuaplus","7":"product_cat-handheld-shower-sets","8":"pa_finish-matte-black-finish","9":"pa_fittings-threaded-1-2","10":"pa_flow-9-5-l-min-2-5-us-gal-min","12":"first","13":"instock","14":"taxable","15":"shipping-taxable","16":"purchasable","17":"product-type-simple"},"acf":[],"_links":{"self":[{"href":"https:\/\/dimex360.com\/fr\/wp-json\/wp\/v2\/product\/88982","targetHints":{"allow":["GET"]}}],"collection":[{"href":"https:\/\/dimex360.com\/fr\/wp-json\/wp\/v2\/product"}],"about":[{"href":"https:\/\/dimex360.com\/fr\/wp-json\/wp\/v2\/types\/product"}],"replies":[{"embeddable":true,"href":"https:\/\/dimex360.com\/fr\/wp-json\/wp\/v2\/comments?post=88982"}],"wp:featuredmedia":[{"embeddable":true,"href":"https:\/\/dimex360.com\/fr\/wp-json\/wp\/v2\/media\/88984"}],"wp:attachment":[{"href":"https:\/\/dimex360.com\/fr\/wp-json\/wp\/v2\/media?parent=88982"}],"wp:term":[{"taxonomy":"product_brand","embeddable":true,"href":"https:\/\/dimex360.com\/fr\/wp-json\/wp\/v2\/product_brand?post=88982"},{"taxonomy":"product_cat","embeddable":true,"href":"https:\/\/dimex360.com\/fr\/wp-json\/wp\/v2\/product_cat?post=88982"},{"taxonomy":"product_tag","embeddable":true,"href":"https:\/\/dimex360.com\/fr\/wp-json\/wp\/v2\/product_tag?post=88982"}],"curies":[{"name":"wp","href":"https:\/\/api.w.org\/{rel}","templated":true}]}}