{"id":89571,"date":"2026-04-05T14:22:48","date_gmt":"2026-04-05T18:22:48","guid":{"rendered":"https:\/\/dimex360.com\/product\/square-shower-head-by-akuaplus\/"},"modified":"2026-04-05T14:22:49","modified_gmt":"2026-04-05T18:22:49","slug":"pommeau-de-douche-carre-par-akuaplus","status":"publish","type":"product","link":"https:\/\/dimex360.com\/fr\/product\/square-shower-head-by-akuaplus\/","title":{"rendered":"Pommeau de douche carr\u00e9 akuaplus\u00ae"},"content":{"rendered":"<p>La pomme de douche pluie carr\u00e9e akuaplus\u00ae offre un jet uniforme et enveloppant pour une exp\u00e9rience de douche confortable au quotidien. D\u2019un format compact de 6 po x 6 po (15,2 x 15,2\u00a0cm), elle est fabriqu\u00e9e en ABS durable, assurant l\u00e9g\u00e8ret\u00e9 et r\u00e9sistance pour les applications r\u00e9sidentielles. Ses buses anticalcaires en gel de silice haute r\u00e9sistance facilitent l\u2019\u00e9limination des d\u00e9p\u00f4ts de calcaire par simple frottement, contribuant \u00e0 maintenir une performance optimale. Elle offre un d\u00e9bit maximal de 9,5 L\/min (2,5 gal US\/min) et est certifi\u00e9e cUPC, assurant sa conformit\u00e9 aux normes nord-am\u00e9ricaines de plomberie.<\/p>","protected":false},"excerpt":{"rendered":"<p>Pommeau de douche carr\u00e9 de 6 pouces (15,24 cm) fabriqu\u00e9 en ABS au fini noir mat.<\/p>","protected":false},"featured_media":89573,"comment_status":"closed","ping_status":"open","template":"","meta":{"_acf_changed":false},"product_brand":[69594],"product_cat":[492],"product_tag":[],"class_list":{"0":"post-89571","1":"product","2":"type-product","3":"status-publish","4":"has-post-thumbnail","6":"product_brand-akuaplus","7":"product_cat-shower-heads","8":"pa_finish-matte-black-finish","9":"pa_fittings-threaded-1-2","10":"pa_flow-9-5-l-min-2-5-us-gal-min","12":"first","13":"instock","14":"taxable","15":"shipping-taxable","16":"purchasable","17":"product-type-simple"},"acf":[],"_links":{"self":[{"href":"https:\/\/dimex360.com\/fr\/wp-json\/wp\/v2\/product\/89571","targetHints":{"allow":["GET"]}}],"collection":[{"href":"https:\/\/dimex360.com\/fr\/wp-json\/wp\/v2\/product"}],"about":[{"href":"https:\/\/dimex360.com\/fr\/wp-json\/wp\/v2\/types\/product"}],"replies":[{"embeddable":true,"href":"https:\/\/dimex360.com\/fr\/wp-json\/wp\/v2\/comments?post=89571"}],"wp:featuredmedia":[{"embeddable":true,"href":"https:\/\/dimex360.com\/fr\/wp-json\/wp\/v2\/media\/89573"}],"wp:attachment":[{"href":"https:\/\/dimex360.com\/fr\/wp-json\/wp\/v2\/media?parent=89571"}],"wp:term":[{"taxonomy":"product_brand","embeddable":true,"href":"https:\/\/dimex360.com\/fr\/wp-json\/wp\/v2\/product_brand?post=89571"},{"taxonomy":"product_cat","embeddable":true,"href":"https:\/\/dimex360.com\/fr\/wp-json\/wp\/v2\/product_cat?post=89571"},{"taxonomy":"product_tag","embeddable":true,"href":"https:\/\/dimex360.com\/fr\/wp-json\/wp\/v2\/product_tag?post=89571"}],"curies":[{"name":"wp","href":"https:\/\/api.w.org\/{rel}","templated":true}]}}