{"id":89738,"date":"2026-04-05T14:24:17","date_gmt":"2026-04-05T18:24:17","guid":{"rendered":"https:\/\/dimex360.com\/product\/smart-toilet-seat-with-automatic-opening-and-bidet\/"},"modified":"2026-04-05T14:24:18","modified_gmt":"2026-04-05T18:24:18","slug":"abattant-de-toilettes-intelligent-avec-ouverture-automatique-et-bidet","status":"publish","type":"product","link":"https:\/\/dimex360.com\/fr\/product\/smart-toilet-seat-with-automatic-opening-and-bidet\/","title":{"rendered":"Si\u00e8ge de toilette intelligent avec bidet \u00e0 ouverture automatique"},"content":{"rendered":"<p>Si\u00e8ge de toilette intelligent avec bidet int\u00e9gr\u00e9, con\u00e7u pour am\u00e9liorer le confort et l\u2019hygi\u00e8ne. Le couvercle s\u2019ouvre automatiquement \u00e0 l\u2019approche et se referme automatiquement apr\u00e8s utilisation. Le syst\u00e8me de lavage est \u00e9quip\u00e9 d\u2019une buse de pulv\u00e9risation autonettoyante offrant un nettoyage arri\u00e8re et avant, avec cinq niveaux de r\u00e9glage pour la position de la buse. La temp\u00e9rature de l\u2019eau est r\u00e9glable sur six niveaux et le volume d\u2019eau sur cinq niveaux. Le si\u00e8ge chauffant propose six niveaux de r\u00e9glage avec une puissance de chauffage de 50 W. Un s\u00e9choir \u00e0 air chaud int\u00e9gr\u00e9 offre six niveaux de r\u00e9glage. Le si\u00e8ge est contr\u00f4l\u00e9 \u00e0 l\u2019aide d\u2019une t\u00e9l\u00e9commande avec affichage DEL. Le produit fonctionne sous une tension nominale de 110\u2013120 V, 50\u201360 Hz, avec une puissance nominale de 900 W. Dimensions du si\u00e8ge : longueur 51,7 cm, largeur 38,9 cm et hauteur 12,7 cm.<\/p>","protected":false},"excerpt":{"rendered":"<p>Si\u00e8ge de toilette intelligent avec bidet int\u00e9gr\u00e9, ouverture et fermeture automatiques du couvercle, si\u00e8ge chauffant, s\u00e9chage \u00e0 air chaud et t\u00e9l\u00e9commande.<\/p>","protected":false},"featured_media":89740,"comment_status":"closed","ping_status":"open","template":"","meta":{"_acf_changed":false},"product_brand":[70206],"product_cat":[70282],"product_tag":[],"class_list":{"0":"post-89738","1":"product","2":"type-product","3":"status-publish","4":"has-post-thumbnail","6":"product_brand-invention-maison","7":"product_cat-smart-toilet","8":"pa_bowl-type-elongated-smart-toilet-seat","9":"pa_finish-white-finish","10":"pa_flow-3-2-l-6-0-l-1-1-1-6-us-gal","11":"pa_installation-type-fits-existing-elongated-toilet","12":"pa_integrated-bidet-yes-instant-heating","13":"pa_seat-type-6-level-heated-seat","15":"first","16":"instock","17":"taxable","18":"shipping-taxable","19":"purchasable","20":"product-type-simple"},"acf":[],"_links":{"self":[{"href":"https:\/\/dimex360.com\/fr\/wp-json\/wp\/v2\/product\/89738","targetHints":{"allow":["GET"]}}],"collection":[{"href":"https:\/\/dimex360.com\/fr\/wp-json\/wp\/v2\/product"}],"about":[{"href":"https:\/\/dimex360.com\/fr\/wp-json\/wp\/v2\/types\/product"}],"replies":[{"embeddable":true,"href":"https:\/\/dimex360.com\/fr\/wp-json\/wp\/v2\/comments?post=89738"}],"wp:featuredmedia":[{"embeddable":true,"href":"https:\/\/dimex360.com\/fr\/wp-json\/wp\/v2\/media\/89740"}],"wp:attachment":[{"href":"https:\/\/dimex360.com\/fr\/wp-json\/wp\/v2\/media?parent=89738"}],"wp:term":[{"taxonomy":"product_brand","embeddable":true,"href":"https:\/\/dimex360.com\/fr\/wp-json\/wp\/v2\/product_brand?post=89738"},{"taxonomy":"product_cat","embeddable":true,"href":"https:\/\/dimex360.com\/fr\/wp-json\/wp\/v2\/product_cat?post=89738"},{"taxonomy":"product_tag","embeddable":true,"href":"https:\/\/dimex360.com\/fr\/wp-json\/wp\/v2\/product_tag?post=89738"}],"curies":[{"name":"wp","href":"https:\/\/api.w.org\/{rel}","templated":true}]}}