{"id":89747,"date":"2026-04-15T16:47:52","date_gmt":"2026-04-15T20:47:52","guid":{"rendered":"https:\/\/dimex360.com\/product\/one-piece-single-flush-toilet\/"},"modified":"2026-04-15T16:48:49","modified_gmt":"2026-04-15T20:48:49","slug":"toilettes-monoblocs-a-chasse-deau-simple","status":"publish","type":"product","link":"https:\/\/dimex360.com\/fr\/product\/one-piece-single-flush-toilet\/","title":{"rendered":"Toilette monobloc \u00e0 chasse d\u2019eau simple"},"content":{"rendered":"<p>Toilette monobloc \u00e0 chasse d\u2019eau simple fabriqu\u00e9e en c\u00e9ramique, int\u00e9grant la cuvette et le r\u00e9servoir en une seule pi\u00e8ce afin de faciliter l\u2019installation, l\u2019entretien et le nettoyage. Elle est \u00e9quip\u00e9e d\u2019un syst\u00e8me de chasse siphonique \u00e0 haute performance offrant une \u00e9vacuation efficace tout en limitant la consommation d\u2019eau. La toilette fonctionne avec un volume maximal de 6,0 LPF (1,6 gal US par chasse) et offre une performance MAP de 1000 g. Elle est munie d\u2019un si\u00e8ge \u00e0 fermeture silencieuse. Con\u00e7ue pour une installation au plancher. Le diam\u00e8tre de l\u2019\u00e9vacuation est de 50 mm. Dimensions : 26\u00a015\/16\u00a0po \u00d7 14\u00a03\/8\u00a0po \u00d7 28\u00a01\/8\u00a0po (685 \u00d7 365 \u00d7 715\u00a0mm)<\/p>","protected":false},"excerpt":{"rendered":"<p>Toilette monobloc \u00e0 chasse d\u2019eau simple en c\u00e9ramique, cuve allong\u00e9e, chasse siphonique, si\u00e8ge \u00e0 fermeture silencieuse.<\/p>","protected":false},"featured_media":89749,"comment_status":"closed","ping_status":"open","template":"","meta":{"_acf_changed":false},"product_brand":[70206],"product_cat":[70281],"product_tag":[],"class_list":{"0":"post-89747","1":"product","2":"type-product","3":"status-publish","4":"has-post-thumbnail","6":"product_brand-invention-maison","7":"product_cat-one-piece-toilet-toilets","8":"pa_bowl-type-elongated-bowl","9":"pa_finish-white-finish","10":"pa_flow-6-0-l-per-flush-1-6-us-gal-per-flush","11":"pa_flush-type-single-flush","12":"pa_installation-type-floor-mounted-installation-12-in-305-mm-rough-in","13":"pa_integrated-bidet-no","14":"pa_jet-system-siphonic-jet","15":"pa_map-performance-1000-g","16":"pa_seat-type-soft-close-seat","18":"first","19":"instock","20":"taxable","21":"shipping-taxable","22":"purchasable","23":"product-type-simple"},"acf":[],"_links":{"self":[{"href":"https:\/\/dimex360.com\/fr\/wp-json\/wp\/v2\/product\/89747","targetHints":{"allow":["GET"]}}],"collection":[{"href":"https:\/\/dimex360.com\/fr\/wp-json\/wp\/v2\/product"}],"about":[{"href":"https:\/\/dimex360.com\/fr\/wp-json\/wp\/v2\/types\/product"}],"replies":[{"embeddable":true,"href":"https:\/\/dimex360.com\/fr\/wp-json\/wp\/v2\/comments?post=89747"}],"wp:featuredmedia":[{"embeddable":true,"href":"https:\/\/dimex360.com\/fr\/wp-json\/wp\/v2\/media\/89749"}],"wp:attachment":[{"href":"https:\/\/dimex360.com\/fr\/wp-json\/wp\/v2\/media?parent=89747"}],"wp:term":[{"taxonomy":"product_brand","embeddable":true,"href":"https:\/\/dimex360.com\/fr\/wp-json\/wp\/v2\/product_brand?post=89747"},{"taxonomy":"product_cat","embeddable":true,"href":"https:\/\/dimex360.com\/fr\/wp-json\/wp\/v2\/product_cat?post=89747"},{"taxonomy":"product_tag","embeddable":true,"href":"https:\/\/dimex360.com\/fr\/wp-json\/wp\/v2\/product_tag?post=89747"}],"curies":[{"name":"wp","href":"https:\/\/api.w.org\/{rel}","templated":true}]}}