{"id":89778,"date":"2026-04-15T16:47:52","date_gmt":"2026-04-15T20:47:52","guid":{"rendered":"https:\/\/dimex360.com\/product\/one-piece-dual-flush-toilet-5\/"},"modified":"2026-04-15T16:48:51","modified_gmt":"2026-04-15T20:48:51","slug":"toilettes-monoblocs-a-double-chasse-deau-5","status":"publish","type":"product","link":"https:\/\/dimex360.com\/fr\/product\/one-piece-dual-flush-toilet-5\/","title":{"rendered":"Toilette monobloc \u00e0 double chasse d\u2019eau"},"content":{"rendered":"<p>Toilette monobloc \u00e0 double chasse d\u2019eau fabriqu\u00e9e en c\u00e9ramique, con\u00e7ue pour offrir une performance fiable et une consommation d\u2019eau optimis\u00e9e. Le syst\u00e8me de chasse siphonique \u00e0 double volume 4 L \/ 6 L assure une \u00e9vacuation efficace tout en r\u00e9pondant aux exigences d\u2019\u00e9conomie d\u2019eau. La toilette est \u00e9quip\u00e9e d\u2019un m\u00e9canisme de chasse certifi\u00e9 cUPC et conforme aux normes WaterSense et ADA. Elle comprend un abattant de si\u00e8ge en polypropyl\u00e8ne (PP) \u00e0 fermeture lente pour un confort d\u2019utilisation accru. Con\u00e7ue pour une installation standard avec un entraxe de 300 mm (12 po), elle est fournie avec un joint en cire et les boulons de fixation. Dimensions du produit : 710 mm (L) x 380 mm (l) x 715 mm (H).<\/p>","protected":false},"excerpt":{"rendered":"<p>Toilette monobloc \u00e0 double chasse d\u2019eau en c\u00e9ramique, cuve allong\u00e9e, chasse siphonique, si\u00e8ge \u00e0 fermeture lente, certifi\u00e9e cUPC et WaterSense.<\/p>","protected":false},"featured_media":89780,"comment_status":"closed","ping_status":"open","template":"","meta":{"_acf_changed":false},"product_brand":[70207],"product_cat":[70281],"product_tag":[],"class_list":{"0":"post-89778","1":"product","2":"type-product","3":"status-publish","4":"has-post-thumbnail","6":"product_brand-grandlux","7":"product_cat-one-piece-toilet-toilets","8":"pa_bowl-type-elongated-bowl","9":"pa_finish-matte-black-finish","10":"pa_flow-4-0-6-0-l-per-flush-1-06-1-6-us-gal-per-flush","11":"pa_flush-type-dual-flush","12":"pa_installation-type-floor-mounted-installation-12-in-305-mm-rough-in","13":"pa_integrated-bidet-no","14":"pa_jet-system-siphonic-jet","15":"pa_map-performance-1000-g","16":"pa_seat-type-soft-close-seat","18":"first","19":"instock","20":"taxable","21":"shipping-taxable","22":"product-type-simple"},"acf":[],"_links":{"self":[{"href":"https:\/\/dimex360.com\/fr\/wp-json\/wp\/v2\/product\/89778","targetHints":{"allow":["GET"]}}],"collection":[{"href":"https:\/\/dimex360.com\/fr\/wp-json\/wp\/v2\/product"}],"about":[{"href":"https:\/\/dimex360.com\/fr\/wp-json\/wp\/v2\/types\/product"}],"replies":[{"embeddable":true,"href":"https:\/\/dimex360.com\/fr\/wp-json\/wp\/v2\/comments?post=89778"}],"wp:featuredmedia":[{"embeddable":true,"href":"https:\/\/dimex360.com\/fr\/wp-json\/wp\/v2\/media\/89780"}],"wp:attachment":[{"href":"https:\/\/dimex360.com\/fr\/wp-json\/wp\/v2\/media?parent=89778"}],"wp:term":[{"taxonomy":"product_brand","embeddable":true,"href":"https:\/\/dimex360.com\/fr\/wp-json\/wp\/v2\/product_brand?post=89778"},{"taxonomy":"product_cat","embeddable":true,"href":"https:\/\/dimex360.com\/fr\/wp-json\/wp\/v2\/product_cat?post=89778"},{"taxonomy":"product_tag","embeddable":true,"href":"https:\/\/dimex360.com\/fr\/wp-json\/wp\/v2\/product_tag?post=89778"}],"curies":[{"name":"wp","href":"https:\/\/api.w.org\/{rel}","templated":true}]}}