{"id":89793,"date":"2026-04-15T16:47:52","date_gmt":"2026-04-15T20:47:52","guid":{"rendered":"https:\/\/dimex360.com\/product\/dual-flush-one-piece-toilet-by-akuaplus\/"},"modified":"2026-04-15T16:48:52","modified_gmt":"2026-04-15T20:48:52","slug":"toilettes-monoblocs-a-double-chasse-deau-par-akuaplus","status":"publish","type":"product","link":"https:\/\/dimex360.com\/fr\/product\/dual-flush-one-piece-toilet-by-akuaplus\/","title":{"rendered":"Toilette monobloc \u00e0 double chasse d\u2019eau akuaplus\u00ae"},"content":{"rendered":"<p>Toilette monobloc \u00e0 double chasse d\u2019eau fabriqu\u00e9e en porcelaine antimicrobienne, dot\u00e9e d\u2019une cuve allong\u00e9e pour un confort accru. Le syst\u00e8me de chasse siphonique offre un d\u00e9bit d\u2019\u00e9vacuation de 4,0 \/ 6,0 LPF (1,06 \/ 1,6 gal US par chasse) et assure une performance MAP de 1000 g. Con\u00e7ue pour une installation standard avec une distance du mur de 12 po, cette toilette convient parfaitement aux installations r\u00e9sidentielles. Elle est fournie avec un si\u00e8ge \u00e0 fermeture lente ainsi que des cache-vis inclus pour une finition soign\u00e9e. Dimensions hors tout : 65 cm (L) \u00d7 36 cm (l) \u00d7 76 cm (H). Conforme aux exigences ADA, avec une hauteur de si\u00e8ge de 42 cm du sol.<\/p>","protected":false},"excerpt":{"rendered":"<p>Toilette monobloc \u00e0 double chasse d\u2019eau en porcelaine antimicrobienne, cuve allong\u00e9e, chasse siphonique 4,0\/6,0 LPF, si\u00e8ge \u00e0 fermeture lente.<\/p>","protected":false},"featured_media":89795,"comment_status":"closed","ping_status":"open","template":"","meta":{"_acf_changed":false},"product_brand":[69594],"product_cat":[70281],"product_tag":[],"class_list":{"0":"post-89793","1":"product","2":"type-product","3":"status-publish","4":"has-post-thumbnail","6":"product_brand-akuaplus","7":"product_cat-one-piece-toilet-toilets","8":"pa_bowl-type-elongated-bowl","9":"pa_finish-white-finish","10":"pa_flow-4-0-6-0-l-per-flush-1-06-1-6-us-gal-per-flush","11":"pa_flush-type-dual-flush","12":"pa_installation-type-floor-mounted-installation-12-in-305-mm-rough-in","13":"pa_integrated-bidet-no","14":"pa_jet-system-siphonic-jet","15":"pa_map-performance-1000-g","16":"pa_seat-height-16-9-16-42-cm","17":"pa_seat-type-soft-close-seat","19":"first","20":"instock","21":"taxable","22":"shipping-taxable","23":"purchasable","24":"product-type-simple"},"acf":[],"_links":{"self":[{"href":"https:\/\/dimex360.com\/fr\/wp-json\/wp\/v2\/product\/89793","targetHints":{"allow":["GET"]}}],"collection":[{"href":"https:\/\/dimex360.com\/fr\/wp-json\/wp\/v2\/product"}],"about":[{"href":"https:\/\/dimex360.com\/fr\/wp-json\/wp\/v2\/types\/product"}],"replies":[{"embeddable":true,"href":"https:\/\/dimex360.com\/fr\/wp-json\/wp\/v2\/comments?post=89793"}],"wp:featuredmedia":[{"embeddable":true,"href":"https:\/\/dimex360.com\/fr\/wp-json\/wp\/v2\/media\/89795"}],"wp:attachment":[{"href":"https:\/\/dimex360.com\/fr\/wp-json\/wp\/v2\/media?parent=89793"}],"wp:term":[{"taxonomy":"product_brand","embeddable":true,"href":"https:\/\/dimex360.com\/fr\/wp-json\/wp\/v2\/product_brand?post=89793"},{"taxonomy":"product_cat","embeddable":true,"href":"https:\/\/dimex360.com\/fr\/wp-json\/wp\/v2\/product_cat?post=89793"},{"taxonomy":"product_tag","embeddable":true,"href":"https:\/\/dimex360.com\/fr\/wp-json\/wp\/v2\/product_tag?post=89793"}],"curies":[{"name":"wp","href":"https:\/\/api.w.org\/{rel}","templated":true}]}}