{"id":89866,"date":"2026-04-05T14:25:36","date_gmt":"2026-04-05T18:25:36","guid":{"rendered":"https:\/\/dimex360.com\/product\/pressure-balance-shower-valve\/"},"modified":"2026-04-05T14:25:40","modified_gmt":"2026-04-05T18:25:40","slug":"valve-de-douche-a-pression-equilibree","status":"publish","type":"product","link":"https:\/\/dimex360.com\/fr\/product\/pressure-balance-shower-valve\/","title":{"rendered":"Valve de douche \u00e0 pression \u00e9quilibr\u00e9e AKUALUX\u00ae"},"content":{"rendered":"<p>La valve de douche SHELA \u00e0 pression \u00e9quilibr\u00e9e ronde AKUALUX\u00ae est con\u00e7ue pour offrir s\u00e9curit\u00e9, stabilit\u00e9 et performance dans les installations r\u00e9sidentielles modernes. Fabriqu\u00e9e en laiton avec composantes en acier inoxydable et zinc, elle est \u00e9quip\u00e9e d\u2019une cartouche \u00e0 pression \u00e9quilibr\u00e9e qui maintient une temp\u00e9rature d\u2019eau constante et r\u00e9duit les variations soudaines de pression. La monocommande assure un contr\u00f4le pr\u00e9cis du d\u00e9bit et de la temp\u00e9rature. La valve comprend une soupape d\u2019arr\u00eat int\u00e9gr\u00e9e ainsi qu\u2019une connexion d\u2019entr\u00e9e d\u2019eau PEX 1\/2 po. Les sorties sont en 1\/2 po filet\u00e9 m\u00e2le, compatibles avec les standards nord-am\u00e9ricains. La plaque de finition ronde au fini deux tons mesure 6 5\/16 po de diam\u00e8tre (16 cm), assurant un rendu mural \u00e9l\u00e9gant et contemporain. Certifi\u00e9e cUPC, elle est conforme aux normes nord-am\u00e9ricaines de plomberie.<\/p>","protected":false},"excerpt":{"rendered":"<p>Valve de douche \u00e0 pression \u00e9quilibr\u00e9e au fini noir mat.<\/p>","protected":false},"featured_media":89868,"comment_status":"closed","ping_status":"open","template":"","meta":{"_acf_changed":false},"product_brand":[69598],"product_cat":[65405],"product_tag":[],"class_list":{"0":"post-89866","1":"product","2":"type-product","3":"status-publish","4":"has-post-thumbnail","6":"product_brand-akualux","7":"product_cat-pressure-balance-valves","8":"pa_cartridge-pressure-balance","9":"pa_connexions-entree-pex-1-2-po-sorties-filetees-males-1-2-po-haut-et-bas","10":"pa_diameter-6-5-16-in-diameter-16-cm","11":"pa_finish-matte-black-brushed-champagne-gold","13":"first","14":"instock","15":"taxable","16":"shipping-taxable","17":"purchasable","18":"product-type-simple"},"acf":[],"_links":{"self":[{"href":"https:\/\/dimex360.com\/fr\/wp-json\/wp\/v2\/product\/89866","targetHints":{"allow":["GET"]}}],"collection":[{"href":"https:\/\/dimex360.com\/fr\/wp-json\/wp\/v2\/product"}],"about":[{"href":"https:\/\/dimex360.com\/fr\/wp-json\/wp\/v2\/types\/product"}],"replies":[{"embeddable":true,"href":"https:\/\/dimex360.com\/fr\/wp-json\/wp\/v2\/comments?post=89866"}],"wp:featuredmedia":[{"embeddable":true,"href":"https:\/\/dimex360.com\/fr\/wp-json\/wp\/v2\/media\/89868"}],"wp:attachment":[{"href":"https:\/\/dimex360.com\/fr\/wp-json\/wp\/v2\/media?parent=89866"}],"wp:term":[{"taxonomy":"product_brand","embeddable":true,"href":"https:\/\/dimex360.com\/fr\/wp-json\/wp\/v2\/product_brand?post=89866"},{"taxonomy":"product_cat","embeddable":true,"href":"https:\/\/dimex360.com\/fr\/wp-json\/wp\/v2\/product_cat?post=89866"},{"taxonomy":"product_tag","embeddable":true,"href":"https:\/\/dimex360.com\/fr\/wp-json\/wp\/v2\/product_tag?post=89866"}],"curies":[{"name":"wp","href":"https:\/\/api.w.org\/{rel}","templated":true}]}}