{"id":89878,"date":"2026-04-05T14:25:47","date_gmt":"2026-04-05T18:25:47","guid":{"rendered":"https:\/\/dimex360.com\/product\/pressure-balance-shower-valve-with-3-way-diverter\/"},"modified":"2026-04-05T14:25:55","modified_gmt":"2026-04-05T18:25:55","slug":"robinet-de-douche-a-pression-equilibree-avec-inverseur-a-3-voies","status":"publish","type":"product","link":"https:\/\/dimex360.com\/fr\/product\/pressure-balance-shower-valve-with-3-way-diverter\/","title":{"rendered":"Valve de douche \u00e0 pression \u00e9quilibr\u00e9e avec d\u00e9viateur 3 voies"},"content":{"rendered":"<p>La valve de douche \u00e0 pression \u00e9quilibr\u00e9e est con\u00e7ue pour une installation murale encastr\u00e9e dans les environnements r\u00e9sidentiels modernes. Fabriqu\u00e9e en laiton, elle est \u00e9quip\u00e9e d\u2019une cartouche \u00e0 pression \u00e9quilibr\u00e9e assurant une temp\u00e9rature d\u2019eau stable et s\u00e9curitaire. Le m\u00e9canisme maintient la temp\u00e9rature s\u00e9lectionn\u00e9e \u00e0 \u00b1 2 \u00b0C (\u00b1 3,6 \u00b0F) et comprend une limite de temp\u00e9rature r\u00e9glable pour un contr\u00f4le accru de la s\u00e9curit\u00e9. Le d\u00e9viateur 3 voies permet l\u2019alimentation d\u2019une douchette, d\u2019un pommeau, d\u2019un bec de bain ou de tout autre appareil selon la configuration d\u2019installation. La valve comprend des soupapes d\u2019arr\u00eat int\u00e9gr\u00e9es facilitant l\u2019entretien. Elle est dot\u00e9e de connexions PEX 1\/2 po ainsi que de sorties 1\/2 po filet\u00e9 m\u00e2le, compatibles avec les standards nord-am\u00e9ricains. La plaque d\u00e9corative carr\u00e9e mesure 5 1\/8 po x 7 1\/16 po (13 cm x 18 cm) et comprend deux poign\u00e9es distinctes pour le contr\u00f4le ind\u00e9pendant de la temp\u00e9rature et des fonctions. Le d\u00e9bit est limit\u00e9 \u00e0 9,5 L\/min (2,5 gal US\/min) \u00e0 80 psi. Conforme \u00e0 la norme ASME A112.18.1 et certifi\u00e9e cUPC.<\/p>","protected":false},"excerpt":{"rendered":"<p>Valve de douche \u00e0 pression \u00e9quilibr\u00e9e avec d\u00e9viateur 3 voies au fini noir mat, corps en laiton, cartouche \u00e0 pression \u00e9quilibr\u00e9e, plaque d\u00e9corative carr\u00e9e et deux poign\u00e9es.<\/p>","protected":false},"featured_media":89880,"comment_status":"closed","ping_status":"open","template":"","meta":{"_acf_changed":false},"product_brand":[70206],"product_cat":[65405],"product_tag":[],"class_list":{"0":"post-89878","1":"product","2":"type-product","3":"status-publish","4":"has-post-thumbnail","6":"product_brand-invention-maison","7":"product_cat-pressure-balance-valves","8":"pa_cartridge-pressure-balance","9":"pa_finish-matte-black-finish","11":"first","12":"instock","13":"taxable","14":"shipping-taxable","15":"purchasable","16":"product-type-simple"},"acf":[],"_links":{"self":[{"href":"https:\/\/dimex360.com\/fr\/wp-json\/wp\/v2\/product\/89878","targetHints":{"allow":["GET"]}}],"collection":[{"href":"https:\/\/dimex360.com\/fr\/wp-json\/wp\/v2\/product"}],"about":[{"href":"https:\/\/dimex360.com\/fr\/wp-json\/wp\/v2\/types\/product"}],"replies":[{"embeddable":true,"href":"https:\/\/dimex360.com\/fr\/wp-json\/wp\/v2\/comments?post=89878"}],"wp:featuredmedia":[{"embeddable":true,"href":"https:\/\/dimex360.com\/fr\/wp-json\/wp\/v2\/media\/89880"}],"wp:attachment":[{"href":"https:\/\/dimex360.com\/fr\/wp-json\/wp\/v2\/media?parent=89878"}],"wp:term":[{"taxonomy":"product_brand","embeddable":true,"href":"https:\/\/dimex360.com\/fr\/wp-json\/wp\/v2\/product_brand?post=89878"},{"taxonomy":"product_cat","embeddable":true,"href":"https:\/\/dimex360.com\/fr\/wp-json\/wp\/v2\/product_cat?post=89878"},{"taxonomy":"product_tag","embeddable":true,"href":"https:\/\/dimex360.com\/fr\/wp-json\/wp\/v2\/product_tag?post=89878"}],"curies":[{"name":"wp","href":"https:\/\/api.w.org\/{rel}","templated":true}]}}