{"id":90072,"date":"2026-04-05T14:28:01","date_gmt":"2026-04-05T18:28:01","guid":{"rendered":"https:\/\/dimex360.com\/product\/custom-tile-flange-installation-for-slate-shower-bases\/"},"modified":"2026-04-05T14:28:06","modified_gmt":"2026-04-05T18:28:06","slug":"pose-sur-mesure-de-brides-de-carrelage-pour-receveurs-de-douche-en-ardoise","status":"publish","type":"product","link":"https:\/\/dimex360.com\/fr\/product\/custom-tile-flange-installation-for-slate-shower-bases\/","title":{"rendered":"Installation de bride de carrelage sur mesure pour bases de douche SLATE"},"content":{"rendered":"<p>Le service d\u2019installation de bride de carrelage sur mesure pour bases de douche SLATE permet d\u2019assurer une finition \u00e9tanche et parfaitement adapt\u00e9e \u00e0 la configuration du projet. La bride est install\u00e9e selon les dimensions exactes de la base afin de faciliter l\u2019installation murale et la pose du carrelage.<\/p>","protected":false},"excerpt":{"rendered":"<p>Installation de bride de carrelage sur mesure pour bases de douche SLATE. Requiert le plan d\u2019installation. Service offert s\u00e9par\u00e9ment.<\/p>","protected":false},"featured_media":90074,"comment_status":"closed","ping_status":"open","template":"","meta":{"_acf_changed":false},"product_brand":[70205],"product_cat":[70222],"product_tag":[],"class_list":{"0":"post-90072","1":"product","2":"type-product","3":"status-publish","4":"has-post-thumbnail","6":"product_brand-dimex360","7":"product_cat-installation-shower-base-shower-bathroom","9":"first","10":"instock","11":"taxable","12":"shipping-taxable","13":"purchasable","14":"product-type-simple"},"acf":[],"_links":{"self":[{"href":"https:\/\/dimex360.com\/fr\/wp-json\/wp\/v2\/product\/90072","targetHints":{"allow":["GET"]}}],"collection":[{"href":"https:\/\/dimex360.com\/fr\/wp-json\/wp\/v2\/product"}],"about":[{"href":"https:\/\/dimex360.com\/fr\/wp-json\/wp\/v2\/types\/product"}],"replies":[{"embeddable":true,"href":"https:\/\/dimex360.com\/fr\/wp-json\/wp\/v2\/comments?post=90072"}],"wp:featuredmedia":[{"embeddable":true,"href":"https:\/\/dimex360.com\/fr\/wp-json\/wp\/v2\/media\/90074"}],"wp:attachment":[{"href":"https:\/\/dimex360.com\/fr\/wp-json\/wp\/v2\/media?parent=90072"}],"wp:term":[{"taxonomy":"product_brand","embeddable":true,"href":"https:\/\/dimex360.com\/fr\/wp-json\/wp\/v2\/product_brand?post=90072"},{"taxonomy":"product_cat","embeddable":true,"href":"https:\/\/dimex360.com\/fr\/wp-json\/wp\/v2\/product_cat?post=90072"},{"taxonomy":"product_tag","embeddable":true,"href":"https:\/\/dimex360.com\/fr\/wp-json\/wp\/v2\/product_tag?post=90072"}],"curies":[{"name":"wp","href":"https:\/\/api.w.org\/{rel}","templated":true}]}}